{"id":9276,"date":"2025-07-11T17:19:14","date_gmt":"2025-07-11T21:19:14","guid":{"rendered":"https:\/\/corporacionlampa.cl\/transparencia\/?page_id=9276"},"modified":"2025-07-15T19:15:30","modified_gmt":"2025-07-15T23:15:30","slug":"presupuestos-aportes-municipales-subvenciones-y-percapita-2025","status":"publish","type":"page","link":"https:\/\/corporacionlampa.cl\/transparencia\/presupuestos-aportes-municipales-subvenciones-y-percapita-2025\/","title":{"rendered":"PRESUPUESTOS APORTES MUNICIPALES, SUBVENCIONES Y PERC\u00c1PITA 2025"},"content":{"rendered":"\n<div class=\"wp-block-columns is-layout-flex wp-container-core-columns-is-layout-9d6595d7 wp-block-columns-is-layout-flex\">\n<div class=\"wp-block-column is-layout-flow wp-block-column-is-layout-flow\">\n<p>PERCAPITA MENSUAL SALUD<\/p>\n\n\n\n<table id=\"tablepress-200\" class=\"tablepress tablepress-id-200\">\n<thead>\n<tr class=\"row-1\">\n\t<th class=\"column-1\"><center>MES<\/center><\/th><th class=\"column-2\"><center>ENLACE ARCHIVO<\/center><\/th>\n<\/tr>\n<\/thead>\n<tbody class=\"row-striping row-hover\">\n<tr class=\"row-2\">\n\t<td class=\"column-1\"><center>ENERO<\/td><td class=\"column-2\"><\/td>\n<\/tr>\n<tr class=\"row-3\">\n\t<td class=\"column-1\"><center>FEBRERO<\/td><td class=\"column-2\"><\/td>\n<\/tr>\n<tr class=\"row-4\">\n\t<td class=\"column-1\"><center>MARZO<\/td><td class=\"column-2\"><\/td>\n<\/tr>\n<tr class=\"row-5\">\n\t<td class=\"column-1\"><center>ABRIL<\/td><td class=\"column-2\"><\/td>\n<\/tr>\n<tr class=\"row-6\">\n\t<td class=\"column-1\"><center>MAYO<\/td><td class=\"column-2\"><\/td>\n<\/tr>\n<tr class=\"row-7\">\n\t<td class=\"column-1\"><center>JUNIO<\/td><td class=\"column-2\"><a href=\"https:\/\/corporacionlampa.cl\/transparencia\/wp-content\/uploads\/2025\/07\/igta_06_otras_transferencias-salud.xls\"><center><img loading=\"lazy\" decoding=\"async\" src=\"https:\/\/corporacionlampa.cl\/transparencia\/wp-content\/uploads\/2021\/04\/ico-excel-150x150.jpg\" alt=\"\" width=\"60\" height=\"60\" class=\"aligncenter size-thumbnail wp-image-2647\" srcset=\"https:\/\/corporacionlampa.cl\/transparencia\/wp-content\/uploads\/2021\/04\/ico-excel-150x150.jpg 150w, https:\/\/corporacionlampa.cl\/transparencia\/wp-content\/uploads\/2021\/04\/ico-excel-250x250.jpg 250w, https:\/\/corporacionlampa.cl\/transparencia\/wp-content\/uploads\/2021\/04\/ico-excel-174x174.jpg 174w\" sizes=\"auto, (max-width: 60px) 100vw, 60px\" \/><\/a><\/td>\n<\/tr>\n<tr class=\"row-8\">\n\t<td class=\"column-1\"><center>JULIO<\/td><td class=\"column-2\"><a href=\"https:\/\/corporacionlampa.cl\/transparencia\/wp-content\/uploads\/2025\/08\/igta_06_otras_transferencias-salud.xls\"><center><img loading=\"lazy\" decoding=\"async\" src=\"https:\/\/corporacionlampa.cl\/transparencia\/wp-content\/uploads\/2021\/04\/ico-excel-150x150.jpg\" alt=\"\" width=\"60\" height=\"60\" class=\"aligncenter size-thumbnail wp-image-2647\" srcset=\"https:\/\/corporacionlampa.cl\/transparencia\/wp-content\/uploads\/2021\/04\/ico-excel-150x150.jpg 150w, https:\/\/corporacionlampa.cl\/transparencia\/wp-content\/uploads\/2021\/04\/ico-excel-250x250.jpg 250w, https:\/\/corporacionlampa.cl\/transparencia\/wp-content\/uploads\/2021\/04\/ico-excel-174x174.jpg 174w\" sizes=\"auto, (max-width: 60px) 100vw, 60px\" \/><\/a><\/td>\n<\/tr>\n<tr class=\"row-9\">\n\t<td class=\"column-1\"><center>AGOSTO<\/td><td class=\"column-2\"><a href=\"https:\/\/corporacionlampa.cl\/transparencia\/wp-content\/uploads\/2025\/09\/igta_06_otras_transferencias-salud.xls\"><center><img loading=\"lazy\" decoding=\"async\" src=\"https:\/\/corporacionlampa.cl\/transparencia\/wp-content\/uploads\/2021\/04\/ico-excel-150x150.jpg\" alt=\"\" width=\"60\" height=\"60\" class=\"aligncenter size-thumbnail wp-image-2647\" srcset=\"https:\/\/corporacionlampa.cl\/transparencia\/wp-content\/uploads\/2021\/04\/ico-excel-150x150.jpg 150w, https:\/\/corporacionlampa.cl\/transparencia\/wp-content\/uploads\/2021\/04\/ico-excel-250x250.jpg 250w, https:\/\/corporacionlampa.cl\/transparencia\/wp-content\/uploads\/2021\/04\/ico-excel-174x174.jpg 174w\" sizes=\"auto, (max-width: 60px) 100vw, 60px\" \/><\/a><\/td>\n<\/tr>\n<tr class=\"row-10\">\n\t<td class=\"column-1\"><center>SEPTIEMBRE<\/td><td class=\"column-2\"><a href=\"https:\/\/corporacionlampa.cl\/transparencia\/wp-content\/uploads\/2025\/10\/INGRESOS-SALUD-2025.xlsx\"><center><img loading=\"lazy\" decoding=\"async\" src=\"https:\/\/corporacionlampa.cl\/transparencia\/wp-content\/uploads\/2021\/04\/ico-excel-150x150.jpg\" alt=\"\" width=\"60\" height=\"60\" class=\"aligncenter size-thumbnail wp-image-2647\" srcset=\"https:\/\/corporacionlampa.cl\/transparencia\/wp-content\/uploads\/2021\/04\/ico-excel-150x150.jpg 150w, https:\/\/corporacionlampa.cl\/transparencia\/wp-content\/uploads\/2021\/04\/ico-excel-250x250.jpg 250w, https:\/\/corporacionlampa.cl\/transparencia\/wp-content\/uploads\/2021\/04\/ico-excel-174x174.jpg 174w\" sizes=\"auto, (max-width: 60px) 100vw, 60px\" \/><\/a><\/td>\n<\/tr>\n<tr class=\"row-11\">\n\t<td class=\"column-1\"><center>OCTUBRE<\/td><td class=\"column-2\"><\/td>\n<\/tr>\n<tr class=\"row-12\">\n\t<td class=\"column-1\"><center>NOVIEMBRE<\/td><td class=\"column-2\"><\/td>\n<\/tr>\n<tr class=\"row-13\">\n\t<td class=\"column-1\"><center>DICIEMBRE<\/td><td class=\"column-2\"><\/td>\n<\/tr>\n<\/tbody>\n<\/table>\n<!-- #tablepress-200 from cache -->\n<\/div>\n\n\n\n<div class=\"wp-block-column is-layout-flow wp-block-column-is-layout-flow\">\n<p>SUBVENCI\u00d3N MENSUAL EDUCACI\u00d3N<\/p>\n\n\n\n<table id=\"tablepress-199\" class=\"tablepress tablepress-id-199\">\n<thead>\n<tr class=\"row-1\">\n\t<th class=\"column-1\"><center>MES<\/th><th class=\"column-2\"><center>ENLACE ARCHIVO<\/th>\n<\/tr>\n<\/thead>\n<tbody class=\"row-striping row-hover\">\n<tr class=\"row-2\">\n\t<td class=\"column-1\"><center>ENERO<\/td><td class=\"column-2\"><\/td>\n<\/tr>\n<tr class=\"row-3\">\n\t<td class=\"column-1\"><center>FEBRERO<\/td><td class=\"column-2\"><\/td>\n<\/tr>\n<tr class=\"row-4\">\n\t<td class=\"column-1\"><center>MARZO<\/td><td class=\"column-2\"><\/td>\n<\/tr>\n<tr class=\"row-5\">\n\t<td class=\"column-1\"><center>ABRIL<\/td><td class=\"column-2\"><\/td>\n<\/tr>\n<tr class=\"row-6\">\n\t<td class=\"column-1\"><center>MAYO<\/td><td class=\"column-2\"><\/td>\n<\/tr>\n<tr class=\"row-7\">\n\t<td class=\"column-1\"><center>JUNIO<\/td><td class=\"column-2\"><a href=\"https:\/\/corporacionlampa.cl\/transparencia\/wp-content\/uploads\/2025\/07\/INGRESOS-JUNIO-EDUCACION-2025.xlsx\"><center><img loading=\"lazy\" decoding=\"async\" src=\"https:\/\/corporacionlampa.cl\/transparencia\/wp-content\/uploads\/2021\/04\/ico-excel-150x150.jpg\" alt=\"\" width=\"60\" height=\"60\" class=\"aligncenter size-thumbnail wp-image-2647\" srcset=\"https:\/\/corporacionlampa.cl\/transparencia\/wp-content\/uploads\/2021\/04\/ico-excel-150x150.jpg 150w, https:\/\/corporacionlampa.cl\/transparencia\/wp-content\/uploads\/2021\/04\/ico-excel-250x250.jpg 250w, https:\/\/corporacionlampa.cl\/transparencia\/wp-content\/uploads\/2021\/04\/ico-excel-174x174.jpg 174w\" sizes=\"auto, (max-width: 60px) 100vw, 60px\" \/><\/a><\/td>\n<\/tr>\n<tr class=\"row-8\">\n\t<td class=\"column-1\"><center>JULIO<\/td><td class=\"column-2\"><a href=\"https:\/\/corporacionlampa.cl\/transparencia\/wp-content\/uploads\/2025\/08\/INGRESOS-JULIO-EDUCACION-2025.xlsx\"><center><img loading=\"lazy\" decoding=\"async\" src=\"https:\/\/corporacionlampa.cl\/transparencia\/wp-content\/uploads\/2021\/04\/ico-excel-150x150.jpg\" alt=\"\" width=\"60\" height=\"60\" class=\"aligncenter size-thumbnail wp-image-2647\" srcset=\"https:\/\/corporacionlampa.cl\/transparencia\/wp-content\/uploads\/2021\/04\/ico-excel-150x150.jpg 150w, https:\/\/corporacionlampa.cl\/transparencia\/wp-content\/uploads\/2021\/04\/ico-excel-250x250.jpg 250w, https:\/\/corporacionlampa.cl\/transparencia\/wp-content\/uploads\/2021\/04\/ico-excel-174x174.jpg 174w\" sizes=\"auto, (max-width: 60px) 100vw, 60px\" \/><\/a><\/td>\n<\/tr>\n<tr class=\"row-9\">\n\t<td class=\"column-1\"><center>AGOSTO<\/td><td class=\"column-2\"><a href=\"https:\/\/corporacionlampa.cl\/transparencia\/wp-content\/uploads\/2025\/09\/igta_06_otras_transferencias-educ.xlsx\"><center><img loading=\"lazy\" decoding=\"async\" src=\"https:\/\/corporacionlampa.cl\/transparencia\/wp-content\/uploads\/2021\/04\/ico-excel-150x150.jpg\" alt=\"\" width=\"60\" height=\"60\" class=\"aligncenter size-thumbnail wp-image-2647\" srcset=\"https:\/\/corporacionlampa.cl\/transparencia\/wp-content\/uploads\/2021\/04\/ico-excel-150x150.jpg 150w, https:\/\/corporacionlampa.cl\/transparencia\/wp-content\/uploads\/2021\/04\/ico-excel-250x250.jpg 250w, https:\/\/corporacionlampa.cl\/transparencia\/wp-content\/uploads\/2021\/04\/ico-excel-174x174.jpg 174w\" sizes=\"auto, (max-width: 60px) 100vw, 60px\" \/><\/a><\/td>\n<\/tr>\n<tr class=\"row-10\">\n\t<td class=\"column-1\"><center>SEPTIEMBRE<\/td><td class=\"column-2\"><a href=\"https:\/\/corporacionlampa.cl\/transparencia\/wp-content\/uploads\/2025\/10\/INGRESOS-EDUCACION-2025.xlsx\"><center><img loading=\"lazy\" decoding=\"async\" src=\"https:\/\/corporacionlampa.cl\/transparencia\/wp-content\/uploads\/2021\/04\/ico-excel-150x150.jpg\" alt=\"\" width=\"60\" height=\"60\" class=\"aligncenter size-thumbnail wp-image-2647\" srcset=\"https:\/\/corporacionlampa.cl\/transparencia\/wp-content\/uploads\/2021\/04\/ico-excel-150x150.jpg 150w, https:\/\/corporacionlampa.cl\/transparencia\/wp-content\/uploads\/2021\/04\/ico-excel-250x250.jpg 250w, https:\/\/corporacionlampa.cl\/transparencia\/wp-content\/uploads\/2021\/04\/ico-excel-174x174.jpg 174w\" sizes=\"auto, (max-width: 60px) 100vw, 60px\" \/><\/a><\/td>\n<\/tr>\n<tr class=\"row-11\">\n\t<td class=\"column-1\"><center>OCTUBRE<\/td><td class=\"column-2\"><\/td>\n<\/tr>\n<tr class=\"row-12\">\n\t<td class=\"column-1\"><center>NOVIEMBRE<\/td><td class=\"column-2\"><\/td>\n<\/tr>\n<tr class=\"row-13\">\n\t<td class=\"column-1\"><center>DICIEMBRE<\/td><td class=\"column-2\"><\/td>\n<\/tr>\n<\/tbody>\n<\/table>\n<!-- #tablepress-199 from cache -->\n<\/div>\n\n\n\n<div class=\"wp-block-column is-layout-flow wp-block-column-is-layout-flow\">\n<p>ADMINISTRACI\u00d3N CENTRAL<\/p>\n\n\n\n<table id=\"tablepress-201\" class=\"tablepress tablepress-id-201\">\n<thead>\n<tr class=\"row-1\">\n\t<th class=\"column-1\"><center>MES<\/th><th class=\"column-2\"><center>ENLACE AL ARCHIVO<\/th>\n<\/tr>\n<\/thead>\n<tbody class=\"row-striping row-hover\">\n<tr class=\"row-2\">\n\t<td class=\"column-1\"><center>ENERO<\/td><td class=\"column-2\"><\/td>\n<\/tr>\n<tr class=\"row-3\">\n\t<td class=\"column-1\"><center>FEBRERO<\/td><td class=\"column-2\"><\/td>\n<\/tr>\n<tr class=\"row-4\">\n\t<td class=\"column-1\"><center>MARZO<\/td><td class=\"column-2\"><\/td>\n<\/tr>\n<tr class=\"row-5\">\n\t<td class=\"column-1\"><center>ABRIL<\/td><td class=\"column-2\"><\/td>\n<\/tr>\n<tr class=\"row-6\">\n\t<td class=\"column-1\"><center>MAYO<\/td><td class=\"column-2\"><\/td>\n<\/tr>\n<tr class=\"row-7\">\n\t<td class=\"column-1\"><center>JUNIO<\/td><td class=\"column-2\"><a href=\"https:\/\/corporacionlampa.cl\/transparencia\/wp-content\/uploads\/2025\/07\/igta_06_otras_transferencias-adm.xls\"><center><img loading=\"lazy\" decoding=\"async\" src=\"https:\/\/corporacionlampa.cl\/transparencia\/wp-content\/uploads\/2021\/04\/ico-excel-150x150.jpg\" alt=\"\" width=\"60\" height=\"60\" class=\"aligncenter size-thumbnail wp-image-2647\" srcset=\"https:\/\/corporacionlampa.cl\/transparencia\/wp-content\/uploads\/2021\/04\/ico-excel-150x150.jpg 150w, https:\/\/corporacionlampa.cl\/transparencia\/wp-content\/uploads\/2021\/04\/ico-excel-250x250.jpg 250w, https:\/\/corporacionlampa.cl\/transparencia\/wp-content\/uploads\/2021\/04\/ico-excel-174x174.jpg 174w\" sizes=\"auto, (max-width: 60px) 100vw, 60px\" \/><\/a><\/td>\n<\/tr>\n<tr class=\"row-8\">\n\t<td class=\"column-1\"><center>JULIO<\/td><td class=\"column-2\"><a href=\"https:\/\/corporacionlampa.cl\/transparencia\/wp-content\/uploads\/2025\/08\/igta_06_otras_transferencias-adm.xls\"><center><img loading=\"lazy\" decoding=\"async\" src=\"https:\/\/corporacionlampa.cl\/transparencia\/wp-content\/uploads\/2021\/04\/ico-excel-150x150.jpg\" alt=\"\" width=\"60\" height=\"60\" class=\"aligncenter size-thumbnail wp-image-2647\" srcset=\"https:\/\/corporacionlampa.cl\/transparencia\/wp-content\/uploads\/2021\/04\/ico-excel-150x150.jpg 150w, https:\/\/corporacionlampa.cl\/transparencia\/wp-content\/uploads\/2021\/04\/ico-excel-250x250.jpg 250w, https:\/\/corporacionlampa.cl\/transparencia\/wp-content\/uploads\/2021\/04\/ico-excel-174x174.jpg 174w\" sizes=\"auto, (max-width: 60px) 100vw, 60px\" \/><\/a><\/td>\n<\/tr>\n<tr class=\"row-9\">\n\t<td class=\"column-1\"><center>AGOSTO<\/td><td class=\"column-2\"><\/td>\n<\/tr>\n<tr class=\"row-10\">\n\t<td class=\"column-1\"><center>SEPTIEMBRE<\/td><td class=\"column-2\"><\/td>\n<\/tr>\n<tr class=\"row-11\">\n\t<td class=\"column-1\"><center>OCTUBRE<\/td><td class=\"column-2\"><\/td>\n<\/tr>\n<tr class=\"row-12\">\n\t<td class=\"column-1\"><center>NOVIEMBRE<\/td><td class=\"column-2\"><\/td>\n<\/tr>\n<tr class=\"row-13\">\n\t<td class=\"column-1\"><center>DICIEMBRE<\/td><td class=\"column-2\"><\/td>\n<\/tr>\n<\/tbody>\n<\/table>\n<!-- #tablepress-201 from cache -->\n<\/div>\n<\/div>\n\n\n\n<p><\/p>\n","protected":false},"excerpt":{"rendered":"<p>PERCAPITA MENSUAL SALUD SUBVENCI\u00d3N MENSUAL EDUCACI\u00d3N ADMINISTRACI\u00d3N CENTRAL<\/p>\n","protected":false},"author":1,"featured_media":0,"parent":0,"menu_order":0,"comment_status":"closed","ping_status":"closed","template":"","meta":{"_eb_attr":"","_themeisle_gutenberg_block_has_review":false,"footnotes":""},"class_list":["post-9276","page","type-page","status-publish","hentry"],"_links":{"self":[{"href":"https:\/\/corporacionlampa.cl\/transparencia\/wp-json\/wp\/v2\/pages\/9276","targetHints":{"allow":["GET"]}}],"collection":[{"href":"https:\/\/corporacionlampa.cl\/transparencia\/wp-json\/wp\/v2\/pages"}],"about":[{"href":"https:\/\/corporacionlampa.cl\/transparencia\/wp-json\/wp\/v2\/types\/page"}],"author":[{"embeddable":true,"href":"https:\/\/corporacionlampa.cl\/transparencia\/wp-json\/wp\/v2\/users\/1"}],"replies":[{"embeddable":true,"href":"https:\/\/corporacionlampa.cl\/transparencia\/wp-json\/wp\/v2\/comments?post=9276"}],"version-history":[{"count":5,"href":"https:\/\/corporacionlampa.cl\/transparencia\/wp-json\/wp\/v2\/pages\/9276\/revisions"}],"predecessor-version":[{"id":9973,"href":"https:\/\/corporacionlampa.cl\/transparencia\/wp-json\/wp\/v2\/pages\/9276\/revisions\/9973"}],"wp:attachment":[{"href":"https:\/\/corporacionlampa.cl\/transparencia\/wp-json\/wp\/v2\/media?parent=9276"}],"curies":[{"name":"wp","href":"https:\/\/api.w.org\/{rel}","templated":true}]}}