{"id":6568,"date":"2022-08-04T19:16:23","date_gmt":"2022-08-04T19:16:23","guid":{"rendered":"https:\/\/corporacionlampa.cl\/transparencia\/?page_id=6568"},"modified":"2022-08-04T22:04:12","modified_gmt":"2022-08-04T22:04:12","slug":"concurso-publico-4","status":"publish","type":"page","link":"https:\/\/corporacionlampa.cl\/transparencia\/concurso-publico-4\/","title":{"rendered":"CONCURSO P\u00daBLICO"},"content":{"rendered":"\n<figure class=\"wp-block-table is-style-stripes\"><table><tbody><tr><td>\u00c1rea<\/td><td>Bases<\/td><td>Otros Archivos<\/td><td>Resultados<\/td><td>Observaciones<\/td><td><\/td><\/tr><tr><td>Educaci\u00f3n<\/td><td><a href=\"https:\/\/corporacionlampa.cl\/transparencia\/wp-content\/uploads\/2022\/08\/bases-concurso-Esc.-Manuel-Segovia.pdf\" target=\"_blank\" rel=\"noreferrer noopener\">Escuela Manuel Segovia<br><\/a><a href=\"https:\/\/corporacionlampa.cl\/transparencia\/wp-content\/uploads\/2022\/08\/bases-concurso-Esc.-Sol-de-Septiembre.pdf\" target=\"_blank\" rel=\"noreferrer noopener\">Escuela Norma Gonz\u00e1lez<br><\/a><a href=\"https:\/\/corporacionlampa.cl\/transparencia\/wp-content\/uploads\/2022\/08\/bases-concurso-Liceo-Batuco.pdf\" target=\"_blank\" rel=\"noreferrer noopener\">Liceo Batuco<br><\/a><a href=\"https:\/\/corporacionlampa.cl\/transparencia\/wp-content\/uploads\/2022\/08\/bases-concurso-Liceo-Cacique-Colin.pdf\" target=\"_blank\" rel=\"noreferrer noopener\">Liceo Cacique Col\u00edn<br><\/a><a href=\"https:\/\/corporacionlampa.cl\/transparencia\/wp-content\/uploads\/2022\/08\/bases-concurso-Rep.-de-Polonia.pdf\" target=\"_blank\" rel=\"noreferrer noopener\">Escuela Rep\u00fablica de Polonia<\/a><\/td><td><a href=\"https:\/\/corporacionlampa.cl\/transparencia\/wp-content\/uploads\/2022\/08\/COMISION-CALIFICADORA.pdf\"><img loading=\"lazy\" decoding=\"async\" width=\"60\" height=\"60\" src=\"https:\/\/corporacionlampa.cl\/transparencia\/wp-content\/uploads\/2021\/04\/icopdf-150x150.png\" alt=\"\"><\/a><\/td><td><a href=\"https:\/\/corporacionlampa.cl\/transparencia\/wp-content\/uploads\/2022\/08\/resol-direc.pdf\" target=\"_blank\" rel=\"noreferrer noopener\"><img loading=\"lazy\" decoding=\"async\" width=\"60\" height=\"60\" src=\"https:\/\/corporacionlampa.cl\/transparencia\/wp-content\/uploads\/2021\/04\/icopdf-150x150.png\" alt=\"\"><\/a><\/td><td>Concurso Directores Establecimientos Educacionales<\/td><td><\/td><\/tr><tr><td>Salud<\/td><td><a href=\"https:\/\/corporacionlampa.cl\/transparencia\/wp-content\/uploads\/2022\/08\/bases-del-concurso-interno-2021.pdf\" target=\"_blank\" rel=\"noreferrer noopener\"><img loading=\"lazy\" decoding=\"async\" width=\"60\" height=\"60\" src=\"https:\/\/corporacionlampa.cl\/transparencia\/wp-content\/uploads\/2021\/04\/icopdf-150x150.png\" alt=\"\"><\/a><\/td><td><a href=\"https:\/\/corporacionlampa.cl\/transparencia\/wp-content\/uploads\/2022\/08\/Ficha-de-Postulacion-concurso.pdf\" target=\"_blank\" rel=\"noreferrer noopener\"><img loading=\"lazy\" decoding=\"async\" width=\"60\" height=\"60\" src=\"https:\/\/corporacionlampa.cl\/transparencia\/wp-content\/uploads\/2021\/04\/icopdf-150x150.png\" alt=\"\"><\/a><\/td><td><a href=\"https:\/\/corporacionlampa.cl\/transparencia\/wp-content\/uploads\/2022\/08\/RES-N\u00b0177.pdf\" target=\"_blank\" rel=\"noreferrer noopener\"><img loading=\"lazy\" decoding=\"async\" width=\"60\" height=\"60\" src=\"https:\/\/corporacionlampa.cl\/transparencia\/wp-content\/uploads\/2021\/04\/icopdf-150x150.png\" alt=\"\"><\/a><\/td><td>Concurso Interno de Salud<\/td><td><\/td><\/tr><\/tbody><\/table><\/figure>\n","protected":false},"excerpt":{"rendered":"<p>\u00c1rea Bases Otros Archivos Resultados Observaciones Educaci\u00f3n Escuela Manuel SegoviaEscuela Norma Gonz\u00e1lezLiceo BatucoLiceo Cacique Col\u00ednEscuela Rep\u00fablica de Polonia Concurso Directores Establecimientos Educacionales Salud Concurso Interno de Salud<\/p>\n","protected":false},"author":1,"featured_media":0,"parent":0,"menu_order":0,"comment_status":"closed","ping_status":"closed","template":"","meta":{"_eb_attr":"","_themeisle_gutenberg_block_has_review":false,"footnotes":""},"class_list":["post-6568","page","type-page","status-publish","hentry"],"_links":{"self":[{"href":"https:\/\/corporacionlampa.cl\/transparencia\/wp-json\/wp\/v2\/pages\/6568","targetHints":{"allow":["GET"]}}],"collection":[{"href":"https:\/\/corporacionlampa.cl\/transparencia\/wp-json\/wp\/v2\/pages"}],"about":[{"href":"https:\/\/corporacionlampa.cl\/transparencia\/wp-json\/wp\/v2\/types\/page"}],"author":[{"embeddable":true,"href":"https:\/\/corporacionlampa.cl\/transparencia\/wp-json\/wp\/v2\/users\/1"}],"replies":[{"embeddable":true,"href":"https:\/\/corporacionlampa.cl\/transparencia\/wp-json\/wp\/v2\/comments?post=6568"}],"version-history":[{"count":14,"href":"https:\/\/corporacionlampa.cl\/transparencia\/wp-json\/wp\/v2\/pages\/6568\/revisions"}],"predecessor-version":[{"id":6618,"href":"https:\/\/corporacionlampa.cl\/transparencia\/wp-json\/wp\/v2\/pages\/6568\/revisions\/6618"}],"wp:attachment":[{"href":"https:\/\/corporacionlampa.cl\/transparencia\/wp-json\/wp\/v2\/media?parent=6568"}],"curies":[{"name":"wp","href":"https:\/\/api.w.org\/{rel}","templated":true}]}}