{"id":4243,"date":"2021-10-08T20:08:08","date_gmt":"2021-10-08T20:08:08","guid":{"rendered":"https:\/\/corporacionlampa.cl\/transparencia\/?page_id=4243"},"modified":"2025-01-09T10:56:57","modified_gmt":"2025-01-09T14:56:57","slug":"tramites-y-requisitos-de-servicio","status":"publish","type":"page","link":"https:\/\/corporacionlampa.cl\/transparencia\/tramites-y-requisitos-de-servicio\/","title":{"rendered":"TR\u00c1MITES Y REQUISITOS DE SERVICIO"},"content":{"rendered":"\n<figure class=\"wp-block-table is-style-stripes\"><table><tbody><tr><td><strong>Direcci\u00f3n o Departamento<\/strong><\/td><td><strong>Descripci\u00f3n del Servicio<\/strong><\/td><td><strong>Lugares<\/strong><\/td><td><strong>Requisitos<\/strong><\/td><td><strong>Tramites<\/strong><\/td><td><strong>Forma de Realizar Tramites<\/strong><\/td><td><strong>Valor del Servicio<\/strong><\/td><td><strong>Enlace<\/strong><\/td><\/tr><tr><td>Educaci\u00f3n<\/td><td>Orientar la administraci\u00f3n del servicio educativo p\u00fablico, con una mirada sist\u00e9mica que asegure calidad y equidad, haciendo uso de herramientas de gesti\u00f3n para instalar procesos de mejora constante.<\/td><td>Direcci\u00f3n de Educaci\u00f3n o Establecimiento Educacional<\/td><td>1) Ingreso a Sala Cuna y Jard\u00edn Infantil: Certificado de Nacimiento; Copia Carnet Control Sano; Ficha Protecci\u00f3n Social actualizada; En caso de Discapacidad presentar Certificado de salud que la acredite; si es madre adolescente presentar copia de Carnet de Identidad; ingreso a sala cuna presentar \u00faltima liquidaci\u00f3n de sueldo del apoderado en caso de trabajo.<br>2) Ingreso a Pre B\u00e1sica: 4 a\u00f1os al 30 de marzo; Copia Carnet de Control Sano al d\u00eda; Certificado de Nacimiento exclusivo para matr\u00edcula.<br>3) Ingreso a K\u00ednder: 5 a\u00f1os al 30 de marzo; Copia Carnet de Control Sano al d\u00eda; Certificado de Nacimiento.<br>4) Ingreso a 1\u00ba B\u00e1sico: Certificado de Nacimiento; Informe del estudiante a\u00f1o K\u00ednder; Copia carnet de Control Sano (vacunas al d\u00eda).<br>5) Ingreso desde 2\u00ba B\u00e1sico a 4\u00ba Medio: Informe de Personalidad; Certificado anual de estudios \u00faltimo a\u00f1o aprobado; Certificado de Nacimiento.<br>6) Ingreso Ense\u00f1anza Adultos: Ser mayor de 17 a\u00f1os al 1\u00ba de marzo; Certificado de Nacimiento; Certificado anual de estudios \u00faltimo a\u00f1o aprobado (Para primer ciclo medio 8vo b\u00e1sico, para segundo ciclo medio 1\u00ba y 2\u00ba medio).<\/td><td>Solicitud de certificado de alumno regular, certificado de notas, certificado de asistencia, certificado para acreditar apoderado<\/td><td>Presencial<\/td><td>Gratuito<\/td><td><a href=\"https:\/\/corporacionlampa.cl\/transparencia\/wp-content\/uploads\/2021\/10\/Fichas-Establecimiento-2021.pdf\" target=\"_blank\" rel=\"noreferrer noopener\"><img loading=\"lazy\" decoding=\"async\" width=\"60\" height=\"60\" src=\"https:\/\/corporacionlampa.cl\/transparencia\/wp-content\/uploads\/2021\/04\/icopdf-150x150.png\" alt=\"\"><\/a><\/td><\/tr><tr><td>Salud<\/td><td>Promover la Salud de la Comuna Atreves de cada uno de los Centros de Salud, distribuidos en ella Digiriendo, programando, planificando, supervisando y controlando todas las actividades realizadas por el personal a su cargo.<\/td><td>Direcci\u00f3n de Salud o Establecimiento de Salud<\/td><td>1.a) Al ser mayor de 18 a\u00f1os debe presentar C\u00e9dula de Identidad.<br>1.b) Al ser menor de 18 puede presentar C\u00e9dula de Identidad, Certificado de Nacimiento o libreta de matrimonio.<br>Presentar tarjeta FONASA o RUN<br>Presentar pasaporte, documento de extranjer\u00eda o en su defecto c\u00e9dula de identidad del pa\u00eds de origen<br>Presentar<\/td><td>Atenciones de urgencia, atenciones de morbilidad, atenciones odontol\u00f3gicas, plan de inmunizaci\u00f3n, controles embarazadas, ni\u00f1o sano<\/td><td>Presencial<\/td><td>Gratuito<\/td><td><a href=\"https:\/\/corporacionlampa.cl\/transparencia\/wp-content\/uploads\/2021\/10\/Informacion-Direccion-de-Salud-2021.pdf\" target=\"_blank\" rel=\"noreferrer noopener\"><img loading=\"lazy\" decoding=\"async\" width=\"60\" height=\"60\" src=\"https:\/\/corporacionlampa.cl\/transparencia\/wp-content\/uploads\/2021\/04\/icopdf-150x150.png\" alt=\"\"><\/a><\/td><\/tr><\/tbody><\/table><\/figure>\n\n\n\n<div class=\"wp-block-columns is-layout-flex wp-container-core-columns-is-layout-9d6595d7 wp-block-columns-is-layout-flex\">\n<div class=\"wp-block-column is-layout-flow wp-block-column-is-layout-flow\">\n<figure class=\"wp-block-image size-full\"><a href=\"https:\/\/www.portaltransparencia.cl\/PortalPdT\/ingreso-sai-v2?idOrg=573\"><img loading=\"lazy\" decoding=\"async\" width=\"366\" height=\"138\" src=\"https:\/\/corporacionlampa.cl\/transparencia\/wp-content\/uploads\/2025\/01\/SOLICITUD.png\" alt=\"\" class=\"wp-image-8721\" srcset=\"https:\/\/corporacionlampa.cl\/transparencia\/wp-content\/uploads\/2025\/01\/SOLICITUD.png 366w, https:\/\/corporacionlampa.cl\/transparencia\/wp-content\/uploads\/2025\/01\/SOLICITUD-300x113.png 300w\" sizes=\"auto, (max-width: 366px) 100vw, 366px\" \/><\/a><\/figure>\n<\/div>\n\n\n\n<div class=\"wp-block-column is-layout-flow wp-block-column-is-layout-flow\"><div class=\"wp-block-image\">\n<figure class=\"aligncenter size-full\"><a href=\"https:\/\/corporacionlampa.cl\/transparencia\/wp-content\/uploads\/2025\/01\/Procedimiento-Transparencia-Pasiva-1.docx\"><img loading=\"lazy\" decoding=\"async\" width=\"120\" height=\"120\" src=\"https:\/\/corporacionlampa.cl\/transparencia\/wp-content\/uploads\/2025\/01\/word-icon-png-6-1-e1736434389756.png\" alt=\"\" class=\"wp-image-8730\"\/><\/a><\/figure>\n<\/div>\n\n\n<div class=\"wp-block-essential-blocks-text  root-eb-text-5azxj\"><div class=\"eb-parent-wrapper eb-parent-eb-text-5azxj \"><div class=\"eb-text-wrapper eb-text-5azxj\" data-id=\"eb-text-5azxj\"><p class=\"eb-text\">PROCEDIMIENTO TRANSPARENCIA PASIVA<\/p><\/div><\/div><\/div>\n<\/div>\n<\/div>\n\n\n\n<p><\/p>\n","protected":false},"excerpt":{"rendered":"<p>Direcci\u00f3n o Departamento Descripci\u00f3n del Servicio Lugares Requisitos Tramites Forma de Realizar Tramites Valor del Servicio Enlace Educaci\u00f3n Orientar la administraci\u00f3n del servicio educativo p\u00fablico, con una mirada sist\u00e9mica que asegure calidad y equidad, haciendo uso de herramientas de gesti\u00f3n para instalar procesos de mejora constante. Direcci\u00f3n de Educaci\u00f3n o Establecimiento Educacional 1) Ingreso a <a href=\"https:\/\/corporacionlampa.cl\/transparencia\/tramites-y-requisitos-de-servicio\/\" rel=\"nofollow\"><span class=\"sr-only\">Read more about TR\u00c1MITES Y REQUISITOS DE SERVICIO<\/span>[&hellip;]<\/a><\/p>\n","protected":false},"author":1,"featured_media":0,"parent":0,"menu_order":0,"comment_status":"closed","ping_status":"closed","template":"","meta":{"_eb_attr":"","_themeisle_gutenberg_block_has_review":false,"footnotes":""},"class_list":["post-4243","page","type-page","status-publish","hentry"],"_links":{"self":[{"href":"https:\/\/corporacionlampa.cl\/transparencia\/wp-json\/wp\/v2\/pages\/4243","targetHints":{"allow":["GET"]}}],"collection":[{"href":"https:\/\/corporacionlampa.cl\/transparencia\/wp-json\/wp\/v2\/pages"}],"about":[{"href":"https:\/\/corporacionlampa.cl\/transparencia\/wp-json\/wp\/v2\/types\/page"}],"author":[{"embeddable":true,"href":"https:\/\/corporacionlampa.cl\/transparencia\/wp-json\/wp\/v2\/users\/1"}],"replies":[{"embeddable":true,"href":"https:\/\/corporacionlampa.cl\/transparencia\/wp-json\/wp\/v2\/comments?post=4243"}],"version-history":[{"count":14,"href":"https:\/\/corporacionlampa.cl\/transparencia\/wp-json\/wp\/v2\/pages\/4243\/revisions"}],"predecessor-version":[{"id":8733,"href":"https:\/\/corporacionlampa.cl\/transparencia\/wp-json\/wp\/v2\/pages\/4243\/revisions\/8733"}],"wp:attachment":[{"href":"https:\/\/corporacionlampa.cl\/transparencia\/wp-json\/wp\/v2\/media?parent=4243"}],"curies":[{"name":"wp","href":"https:\/\/api.w.org\/{rel}","templated":true}]}}