{"id":3898,"date":"2021-10-05T16:17:44","date_gmt":"2021-10-05T16:17:44","guid":{"rendered":"https:\/\/corporacionlampa.cl\/transparencia\/?page_id=3898"},"modified":"2026-03-06T11:47:45","modified_gmt":"2026-03-06T15:47:45","slug":"publicaciones-en-el-diario-oficial","status":"publish","type":"page","link":"https:\/\/corporacionlampa.cl\/transparencia\/publicaciones-en-el-diario-oficial\/","title":{"rendered":"PUBLICACIONES EN EL DIARIO OFICIAL"},"content":{"rendered":"\n<div class=\"wp-block-themeisle-blocks-advanced-columns has-1-columns has-desktop-equal-layout has-tablet-equal-layout has-mobile-equal-layout has-default-gap has-vertical-unset\" id=\"wp-block-themeisle-blocks-advanced-columns-2f5c31db\"><div class=\"wp-block-themeisle-blocks-advanced-columns-overlay\"><\/div><div class=\"innerblocks-wrap\">\n<div class=\"wp-block-themeisle-blocks-advanced-column\" id=\"wp-block-themeisle-blocks-advanced-column-19726f37\">\n\n<table id=\"tablepress-48\" class=\"tablepress tablepress-id-48\">\n<thead>\n<tr class=\"row-1\">\n\t<th class=\"column-1\"><center>Nombre<\/th><th class=\"column-2\"><center>Numero<\/th><th class=\"column-3\"><center>Fecha<\/th><th class=\"column-4\"><center>Acceso<\/th>\n<\/tr>\n<\/thead>\n<tbody class=\"row-striping row-hover\">\n<tr class=\"row-2\">\n\t<td class=\"column-1\"><center>Extracto de la Constituci\u00f3n de la Corporaci\u00f3n Municipal de Desarrollo Social de Lampa, publicada en el diario oficial.<\/td><td class=\"column-2\"><center>S\/N<\/td><td class=\"column-3\"><center>S\u00e1bado, 03 de Junio de 1982<\/td><td class=\"column-4\"><center><a href=\"https:\/\/corporacionlampa.cl\/transparencia\/wp-content\/uploads\/2021\/10\/Concede_PersJuridica_Aprueba_Estatutos.pdf\" rel=\"noopener\" target=\"_blank\"><img loading=\"lazy\" decoding=\"async\" src=\"https:\/\/corporacionlampa.cl\/transparencia\/wp-content\/uploads\/2021\/04\/icopdf-150x150.png\" alt=\"\" width=\"60\" height=\"60\" class=\"aligncenter size-thumbnail wp-image-2731\" srcset=\"https:\/\/corporacionlampa.cl\/transparencia\/wp-content\/uploads\/2021\/04\/icopdf-150x150.png 150w, https:\/\/corporacionlampa.cl\/transparencia\/wp-content\/uploads\/2021\/04\/icopdf-250x250.png 250w, https:\/\/corporacionlampa.cl\/transparencia\/wp-content\/uploads\/2021\/04\/icopdf-174x174.png 174w, https:\/\/corporacionlampa.cl\/transparencia\/wp-content\/uploads\/2021\/04\/icopdf.png 256w\" sizes=\"auto, (max-width: 60px) 100vw, 60px\" \/><\/a><\/td>\n<\/tr>\n<\/tbody>\n<\/table>\n<!-- #tablepress-48 from cache -->\n<\/div>\n<\/div><\/div>\n\n\n\n<div class=\"wp-block-esab-accordion esab-vbssuzgk\" data-mode=\"global\"><div class=\"esab__container\">\n<div class=\"wp-block-esab-accordion-child\"><div class=\"esab__head\" role=\"button\" aria-expanded=\"false\"><div class=\"esab__heading_txt\"><p class=\"esab__heading_tag\">A\u00d1O 2021<\/p><\/div><div class=\"esab__icon\"><div class=\"esab__collapse\"> <svg version=\"1.2\" viewBox=\"0 0 24 24\" width=\"24\" height=\"24\"><path fill-rule=\"evenodd\" d=\"m3.5 20.5c-4.7-4.7-4.7-12.3 0-17 4.7-4.7 12.3-4.7 17 0 4.6 4.7 4.6 12.3 0 17-4.7 4.6-12.3 4.6-17 0zm0.9-0.9c4.2 4.2 11 4.2 15.2 0 4.2-4.2 4.2-11 0-15.2-4.2-4.3-11-4.3-15.2 0-4.3 4.2-4.3 11 0 15.2z\"><\/path><path d=\"m11.4 15.9v-3.3h-3.3c-0.3 0-0.6-0.3-0.6-0.6 0-0.4 0.3-0.6 0.6-0.6h3.3v-3.3c0-0.3 0.3-0.6 0.6-0.6 0.3 0 0.6 0.3 0.6 0.6v3.3h3.3c0.3 0 0.6 0.2 0.6 0.6q0 0.2-0.2 0.4-0.2 0.2-0.4 0.2h-3.3v3.3q0 0.2-0.2 0.4-0.2 0.2-0.4 0.2c-0.4 0-0.6-0.3-0.6-0.6z\"><\/path><\/svg> <\/div><div class=\"esab__expand\"> <svg version=\"1.2\" viewBox=\"0 0 24 24\" width=\"24\" height=\"24\"><path fill-rule=\"evenodd\" d=\"m12 24c-6.6 0-12-5.4-12-12 0-6.6 5.4-12 12-12 6.6 0 12 5.4 12 12 0 6.6-5.4 12-12 12zm10.6-12c0-5.9-4.7-10.6-10.6-10.6-5.9 0-10.6 4.7-10.6 10.6 0 5.9 4.7 10.6 10.6 10.6 5.9 0 10.6-4.7 10.6-10.6z\"><\/path><path d=\"m5.6 11.3h12.8v1.4h-12.8z\"><\/path><\/svg> <\/div><\/div><\/div><div class=\"esab__body\">\n<p><\/p>\n\n<table id=\"tablepress-194\" class=\"tablepress tablepress-id-194\">\n<thead>\n<tr class=\"row-1\">\n\t<th class=\"column-1\">MES<\/th><th class=\"column-2\">DETALLE<\/th>\n<\/tr>\n<\/thead>\n<tbody class=\"row-striping row-hover\">\n<tr class=\"row-2\">\n\t<td class=\"column-1\">Enero<\/td><td class=\"column-2\">No se han realizado publicaciones en el Diario Oficial<\/td>\n<\/tr>\n<tr class=\"row-3\">\n\t<td class=\"column-1\">Febrero<\/td><td class=\"column-2\">No se han realizado publicaciones en el Diario Oficial<\/td>\n<\/tr>\n<tr class=\"row-4\">\n\t<td class=\"column-1\">Marzo<\/td><td class=\"column-2\">No se han realizado publicaciones en el Diario Oficial<\/td>\n<\/tr>\n<tr class=\"row-5\">\n\t<td class=\"column-1\">Abril<\/td><td class=\"column-2\">No se han realizado publicaciones en el Diario Oficial<\/td>\n<\/tr>\n<tr class=\"row-6\">\n\t<td class=\"column-1\">Mayo<\/td><td class=\"column-2\">No se han realizado publicaciones en el Diario Oficial<\/td>\n<\/tr>\n<tr class=\"row-7\">\n\t<td class=\"column-1\">Junio<\/td><td class=\"column-2\">No se han realizado publicaciones en el Diario Oficial<\/td>\n<\/tr>\n<tr class=\"row-8\">\n\t<td class=\"column-1\">Julio<\/td><td class=\"column-2\">No se han realizado publicaciones en el Diario Oficial<\/td>\n<\/tr>\n<tr class=\"row-9\">\n\t<td class=\"column-1\">Agosto<\/td><td class=\"column-2\">No se han realizado publicaciones en el Diario Oficial<\/td>\n<\/tr>\n<tr class=\"row-10\">\n\t<td class=\"column-1\">Septiembre<\/td><td class=\"column-2\">No se han realizado publicaciones en el Diario Oficial<\/td>\n<\/tr>\n<tr class=\"row-11\">\n\t<td class=\"column-1\">Octubre<\/td><td class=\"column-2\">No se han realizado publicaciones en el Diario Oficial<\/td>\n<\/tr>\n<tr class=\"row-12\">\n\t<td class=\"column-1\">Noviembre<\/td><td class=\"column-2\">No se han realizado publicaciones en el Diario Oficial<\/td>\n<\/tr>\n<tr class=\"row-13\">\n\t<td class=\"column-1\">Diciembre<\/td><td class=\"column-2\">No se han realizado publicaciones en el Diario Oficial<\/td>\n<\/tr>\n<\/tbody>\n<\/table>\n<!-- #tablepress-194 from cache -->\n<\/div><\/div>\n<div class=\"wp-block-esab-accordion-child\"><div class=\"esab__head\" role=\"button\" aria-expanded=\"false\"><div class=\"esab__heading_txt\"><p class=\"esab__heading_tag\">A\u00d1O 2022<\/p><\/div><div class=\"esab__icon\"><div class=\"esab__collapse\"> <svg version=\"1.2\" viewBox=\"0 0 24 24\" width=\"24\" height=\"24\"><path fill-rule=\"evenodd\" d=\"m3.5 20.5c-4.7-4.7-4.7-12.3 0-17 4.7-4.7 12.3-4.7 17 0 4.6 4.7 4.6 12.3 0 17-4.7 4.6-12.3 4.6-17 0zm0.9-0.9c4.2 4.2 11 4.2 15.2 0 4.2-4.2 4.2-11 0-15.2-4.2-4.3-11-4.3-15.2 0-4.3 4.2-4.3 11 0 15.2z\"><\/path><path d=\"m11.4 15.9v-3.3h-3.3c-0.3 0-0.6-0.3-0.6-0.6 0-0.4 0.3-0.6 0.6-0.6h3.3v-3.3c0-0.3 0.3-0.6 0.6-0.6 0.3 0 0.6 0.3 0.6 0.6v3.3h3.3c0.3 0 0.6 0.2 0.6 0.6q0 0.2-0.2 0.4-0.2 0.2-0.4 0.2h-3.3v3.3q0 0.2-0.2 0.4-0.2 0.2-0.4 0.2c-0.4 0-0.6-0.3-0.6-0.6z\"><\/path><\/svg> <\/div><div class=\"esab__expand\"> <svg version=\"1.2\" viewBox=\"0 0 24 24\" width=\"24\" height=\"24\"><path fill-rule=\"evenodd\" d=\"m12 24c-6.6 0-12-5.4-12-12 0-6.6 5.4-12 12-12 6.6 0 12 5.4 12 12 0 6.6-5.4 12-12 12zm10.6-12c0-5.9-4.7-10.6-10.6-10.6-5.9 0-10.6 4.7-10.6 10.6 0 5.9 4.7 10.6 10.6 10.6 5.9 0 10.6-4.7 10.6-10.6z\"><\/path><path d=\"m5.6 11.3h12.8v1.4h-12.8z\"><\/path><\/svg> <\/div><\/div><\/div><div class=\"esab__body\">\n<p><\/p>\n\n<table id=\"tablepress-195\" class=\"tablepress tablepress-id-195\">\n<thead>\n<tr class=\"row-1\">\n\t<th class=\"column-1\">MES<\/th><th class=\"column-2\">DETALLE<\/th>\n<\/tr>\n<\/thead>\n<tbody class=\"row-striping row-hover\">\n<tr class=\"row-2\">\n\t<td class=\"column-1\">Enero<\/td><td class=\"column-2\">No se han realizado publicaciones en el Diario Oficial<\/td>\n<\/tr>\n<tr class=\"row-3\">\n\t<td class=\"column-1\">Febrero<\/td><td class=\"column-2\">No se han realizado publicaciones en el Diario Oficial<\/td>\n<\/tr>\n<tr class=\"row-4\">\n\t<td class=\"column-1\">Marzo<\/td><td class=\"column-2\">No se han realizado publicaciones en el Diario Oficial<\/td>\n<\/tr>\n<tr class=\"row-5\">\n\t<td class=\"column-1\">Abril<\/td><td class=\"column-2\">No se han realizado publicaciones en el Diario Oficial<\/td>\n<\/tr>\n<tr class=\"row-6\">\n\t<td class=\"column-1\">Mayo<\/td><td class=\"column-2\">No se han realizado publicaciones en el Diario Oficial<\/td>\n<\/tr>\n<tr class=\"row-7\">\n\t<td class=\"column-1\">Junio<\/td><td class=\"column-2\">No se han realizado publicaciones en el Diario Oficial<\/td>\n<\/tr>\n<tr class=\"row-8\">\n\t<td class=\"column-1\">Julio<\/td><td class=\"column-2\">No se han realizado publicaciones en el Diario Oficial<\/td>\n<\/tr>\n<tr class=\"row-9\">\n\t<td class=\"column-1\">Agosto<\/td><td class=\"column-2\">No se han realizado publicaciones en el Diario Oficial<\/td>\n<\/tr>\n<tr class=\"row-10\">\n\t<td class=\"column-1\">Septiembre<\/td><td class=\"column-2\">No se han realizado publicaciones en el Diario Oficial<\/td>\n<\/tr>\n<tr class=\"row-11\">\n\t<td class=\"column-1\">Octubre<\/td><td class=\"column-2\">No se han realizado publicaciones en el Diario Oficial<\/td>\n<\/tr>\n<tr class=\"row-12\">\n\t<td class=\"column-1\">Noviembre<\/td><td class=\"column-2\">No se han realizado publicaciones en el Diario Oficial<\/td>\n<\/tr>\n<tr class=\"row-13\">\n\t<td class=\"column-1\">Diciembre<\/td><td class=\"column-2\">No se han realizado publicaciones en el Diario Oficial<\/td>\n<\/tr>\n<\/tbody>\n<\/table>\n<!-- #tablepress-195 from cache -->\n<\/div><\/div>\n<div class=\"wp-block-esab-accordion-child\"><div class=\"esab__head\" role=\"button\" aria-expanded=\"false\"><div class=\"esab__heading_txt\"><p class=\"esab__heading_tag\">A\u00d1O 2023<\/p><\/div><div class=\"esab__icon\"><div class=\"esab__collapse\"> <svg version=\"1.2\" viewBox=\"0 0 24 24\" width=\"24\" height=\"24\"><path fill-rule=\"evenodd\" d=\"m3.5 20.5c-4.7-4.7-4.7-12.3 0-17 4.7-4.7 12.3-4.7 17 0 4.6 4.7 4.6 12.3 0 17-4.7 4.6-12.3 4.6-17 0zm0.9-0.9c4.2 4.2 11 4.2 15.2 0 4.2-4.2 4.2-11 0-15.2-4.2-4.3-11-4.3-15.2 0-4.3 4.2-4.3 11 0 15.2z\"><\/path><path d=\"m11.4 15.9v-3.3h-3.3c-0.3 0-0.6-0.3-0.6-0.6 0-0.4 0.3-0.6 0.6-0.6h3.3v-3.3c0-0.3 0.3-0.6 0.6-0.6 0.3 0 0.6 0.3 0.6 0.6v3.3h3.3c0.3 0 0.6 0.2 0.6 0.6q0 0.2-0.2 0.4-0.2 0.2-0.4 0.2h-3.3v3.3q0 0.2-0.2 0.4-0.2 0.2-0.4 0.2c-0.4 0-0.6-0.3-0.6-0.6z\"><\/path><\/svg> <\/div><div class=\"esab__expand\"> <svg version=\"1.2\" viewBox=\"0 0 24 24\" width=\"24\" height=\"24\"><path fill-rule=\"evenodd\" d=\"m12 24c-6.6 0-12-5.4-12-12 0-6.6 5.4-12 12-12 6.6 0 12 5.4 12 12 0 6.6-5.4 12-12 12zm10.6-12c0-5.9-4.7-10.6-10.6-10.6-5.9 0-10.6 4.7-10.6 10.6 0 5.9 4.7 10.6 10.6 10.6 5.9 0 10.6-4.7 10.6-10.6z\"><\/path><path d=\"m5.6 11.3h12.8v1.4h-12.8z\"><\/path><\/svg> <\/div><\/div><\/div><div class=\"esab__body\">\n<p><\/p>\n\n<table id=\"tablepress-196\" class=\"tablepress tablepress-id-196\">\n<thead>\n<tr class=\"row-1\">\n\t<th class=\"column-1\">MES<\/th><th class=\"column-2\">DETALLE<\/th>\n<\/tr>\n<\/thead>\n<tbody class=\"row-striping row-hover\">\n<tr class=\"row-2\">\n\t<td class=\"column-1\">Enero<\/td><td class=\"column-2\">No se han realizado publicaciones en el Diario Oficial<\/td>\n<\/tr>\n<tr class=\"row-3\">\n\t<td class=\"column-1\">Febrero<\/td><td class=\"column-2\">No se han realizado publicaciones en el Diario Oficial<\/td>\n<\/tr>\n<tr class=\"row-4\">\n\t<td class=\"column-1\">Marzo<\/td><td class=\"column-2\">No se han realizado publicaciones en el Diario Oficial<\/td>\n<\/tr>\n<tr class=\"row-5\">\n\t<td class=\"column-1\">Abril<\/td><td class=\"column-2\">No se han realizado publicaciones en el Diario Oficial<\/td>\n<\/tr>\n<tr class=\"row-6\">\n\t<td class=\"column-1\">Mayo<\/td><td class=\"column-2\">No se han realizado publicaciones en el Diario Oficial<\/td>\n<\/tr>\n<tr class=\"row-7\">\n\t<td class=\"column-1\">Junio<\/td><td class=\"column-2\">No se han realizado publicaciones en el Diario Oficial<\/td>\n<\/tr>\n<tr class=\"row-8\">\n\t<td class=\"column-1\">Julio<\/td><td class=\"column-2\">No se han realizado publicaciones en el Diario Oficial<\/td>\n<\/tr>\n<tr class=\"row-9\">\n\t<td class=\"column-1\">Agosto<\/td><td class=\"column-2\">No se han realizado publicaciones en el Diario Oficial<\/td>\n<\/tr>\n<tr class=\"row-10\">\n\t<td class=\"column-1\">Septiembre<\/td><td class=\"column-2\">No se han realizado publicaciones en el Diario Oficial<\/td>\n<\/tr>\n<tr class=\"row-11\">\n\t<td class=\"column-1\">Octubre<\/td><td class=\"column-2\">No se han realizado publicaciones en el Diario Oficial<\/td>\n<\/tr>\n<tr class=\"row-12\">\n\t<td class=\"column-1\">Noviembre<\/td><td class=\"column-2\">No se han realizado publicaciones en el Diario Oficial<\/td>\n<\/tr>\n<tr class=\"row-13\">\n\t<td class=\"column-1\">Diciembre<\/td><td class=\"column-2\">No se han realizado publicaciones en el Diario Oficial<\/td>\n<\/tr>\n<\/tbody>\n<\/table>\n<!-- #tablepress-196 from cache -->\n<\/div><\/div>\n<div class=\"wp-block-esab-accordion-child\"><div class=\"esab__head\" role=\"button\" aria-expanded=\"false\"><div class=\"esab__heading_txt\"><p class=\"esab__heading_tag\">A\u00d1O 2024<\/p><\/div><div class=\"esab__icon\"><div class=\"esab__collapse\"> <svg version=\"1.2\" viewBox=\"0 0 24 24\" width=\"24\" height=\"24\"><path fill-rule=\"evenodd\" d=\"m3.5 20.5c-4.7-4.7-4.7-12.3 0-17 4.7-4.7 12.3-4.7 17 0 4.6 4.7 4.6 12.3 0 17-4.7 4.6-12.3 4.6-17 0zm0.9-0.9c4.2 4.2 11 4.2 15.2 0 4.2-4.2 4.2-11 0-15.2-4.2-4.3-11-4.3-15.2 0-4.3 4.2-4.3 11 0 15.2z\"><\/path><path d=\"m11.4 15.9v-3.3h-3.3c-0.3 0-0.6-0.3-0.6-0.6 0-0.4 0.3-0.6 0.6-0.6h3.3v-3.3c0-0.3 0.3-0.6 0.6-0.6 0.3 0 0.6 0.3 0.6 0.6v3.3h3.3c0.3 0 0.6 0.2 0.6 0.6q0 0.2-0.2 0.4-0.2 0.2-0.4 0.2h-3.3v3.3q0 0.2-0.2 0.4-0.2 0.2-0.4 0.2c-0.4 0-0.6-0.3-0.6-0.6z\"><\/path><\/svg> <\/div><div class=\"esab__expand\"> <svg version=\"1.2\" viewBox=\"0 0 24 24\" width=\"24\" height=\"24\"><path fill-rule=\"evenodd\" d=\"m12 24c-6.6 0-12-5.4-12-12 0-6.6 5.4-12 12-12 6.6 0 12 5.4 12 12 0 6.6-5.4 12-12 12zm10.6-12c0-5.9-4.7-10.6-10.6-10.6-5.9 0-10.6 4.7-10.6 10.6 0 5.9 4.7 10.6 10.6 10.6 5.9 0 10.6-4.7 10.6-10.6z\"><\/path><path d=\"m5.6 11.3h12.8v1.4h-12.8z\"><\/path><\/svg> <\/div><\/div><\/div><div class=\"esab__body\">\n<p><\/p>\n\n<table id=\"tablepress-197\" class=\"tablepress tablepress-id-197\">\n<thead>\n<tr class=\"row-1\">\n\t<th class=\"column-1\">MES<\/th><th class=\"column-2\">DETALLE<\/th>\n<\/tr>\n<\/thead>\n<tbody class=\"row-striping row-hover\">\n<tr class=\"row-2\">\n\t<td class=\"column-1\">Enero<\/td><td class=\"column-2\">No se han realizado publicaciones en el Diario Oficial<\/td>\n<\/tr>\n<tr class=\"row-3\">\n\t<td class=\"column-1\">Febrero<\/td><td class=\"column-2\">No se han realizado publicaciones en el Diario Oficial<\/td>\n<\/tr>\n<tr class=\"row-4\">\n\t<td class=\"column-1\">Marzo<\/td><td class=\"column-2\">No se han realizado publicaciones en el Diario Oficial<\/td>\n<\/tr>\n<tr class=\"row-5\">\n\t<td class=\"column-1\">Abril<\/td><td class=\"column-2\">No se han realizado publicaciones en el Diario Oficial<\/td>\n<\/tr>\n<tr class=\"row-6\">\n\t<td class=\"column-1\">Mayo<\/td><td class=\"column-2\">No se han realizado publicaciones en el Diario Oficial<\/td>\n<\/tr>\n<tr class=\"row-7\">\n\t<td class=\"column-1\">Junio<\/td><td class=\"column-2\">No se han realizado publicaciones en el Diario Oficial<\/td>\n<\/tr>\n<tr class=\"row-8\">\n\t<td class=\"column-1\">Julio<\/td><td class=\"column-2\">No se han realizado publicaciones en el Diario Oficial<\/td>\n<\/tr>\n<tr class=\"row-9\">\n\t<td class=\"column-1\">Agosto<\/td><td class=\"column-2\">No se han realizado publicaciones en el Diario Oficial<\/td>\n<\/tr>\n<tr class=\"row-10\">\n\t<td class=\"column-1\">Septiembre<\/td><td class=\"column-2\">No se han realizado publicaciones en el Diario Oficial<\/td>\n<\/tr>\n<tr class=\"row-11\">\n\t<td class=\"column-1\">Octubre<\/td><td class=\"column-2\">No se han realizado publicaciones en el Diario Oficial<\/td>\n<\/tr>\n<tr class=\"row-12\">\n\t<td class=\"column-1\">Noviembre<\/td><td class=\"column-2\">No se han realizado publicaciones en el Diario Oficial<\/td>\n<\/tr>\n<tr class=\"row-13\">\n\t<td class=\"column-1\">Diciembre<\/td><td class=\"column-2\">No se han realizado publicaciones en el Diario Oficial<\/td>\n<\/tr>\n<\/tbody>\n<\/table>\n<!-- #tablepress-197 from cache -->\n<\/div><\/div>\n<div class=\"wp-block-esab-accordion-child\"><div class=\"esab__head\" role=\"button\" aria-expanded=\"false\"><div class=\"esab__heading_txt\"><p class=\"esab__heading_tag\">A\u00d1O 2025<\/p><\/div><div class=\"esab__icon\"><div class=\"esab__collapse\"> <svg version=\"1.2\" viewBox=\"0 0 24 24\" width=\"24\" height=\"24\"><path fill-rule=\"evenodd\" d=\"m3.5 20.5c-4.7-4.7-4.7-12.3 0-17 4.7-4.7 12.3-4.7 17 0 4.6 4.7 4.6 12.3 0 17-4.7 4.6-12.3 4.6-17 0zm0.9-0.9c4.2 4.2 11 4.2 15.2 0 4.2-4.2 4.2-11 0-15.2-4.2-4.3-11-4.3-15.2 0-4.3 4.2-4.3 11 0 15.2z\"><\/path><path d=\"m11.4 15.9v-3.3h-3.3c-0.3 0-0.6-0.3-0.6-0.6 0-0.4 0.3-0.6 0.6-0.6h3.3v-3.3c0-0.3 0.3-0.6 0.6-0.6 0.3 0 0.6 0.3 0.6 0.6v3.3h3.3c0.3 0 0.6 0.2 0.6 0.6q0 0.2-0.2 0.4-0.2 0.2-0.4 0.2h-3.3v3.3q0 0.2-0.2 0.4-0.2 0.2-0.4 0.2c-0.4 0-0.6-0.3-0.6-0.6z\"><\/path><\/svg> <\/div><div class=\"esab__expand\"> <svg version=\"1.2\" viewBox=\"0 0 24 24\" width=\"24\" height=\"24\"><path fill-rule=\"evenodd\" d=\"m12 24c-6.6 0-12-5.4-12-12 0-6.6 5.4-12 12-12 6.6 0 12 5.4 12 12 0 6.6-5.4 12-12 12zm10.6-12c0-5.9-4.7-10.6-10.6-10.6-5.9 0-10.6 4.7-10.6 10.6 0 5.9 4.7 10.6 10.6 10.6 5.9 0 10.6-4.7 10.6-10.6z\"><\/path><path d=\"m5.6 11.3h12.8v1.4h-12.8z\"><\/path><\/svg> <\/div><\/div><\/div><div class=\"esab__body\">\n<p><\/p>\n\n<table id=\"tablepress-198\" class=\"tablepress tablepress-id-198\">\n<thead>\n<tr class=\"row-1\">\n\t<th class=\"column-1\">MES<\/th><th class=\"column-2\">DETALLE<\/th>\n<\/tr>\n<\/thead>\n<tbody class=\"row-striping row-hover\">\n<tr class=\"row-2\">\n\t<td class=\"column-1\">Enero<\/td><td class=\"column-2\">No se han realizado publicaciones en el Diario Oficial<\/td>\n<\/tr>\n<tr class=\"row-3\">\n\t<td class=\"column-1\">Febrero<\/td><td class=\"column-2\">No se han realizado publicaciones en el Diario Oficial<\/td>\n<\/tr>\n<tr class=\"row-4\">\n\t<td class=\"column-1\">Marzo<\/td><td class=\"column-2\">No se han realizado publicaciones en el Diario Oficial<\/td>\n<\/tr>\n<tr class=\"row-5\">\n\t<td class=\"column-1\">Abril<\/td><td class=\"column-2\">No se han realizado publicaciones en el Diario Oficial<\/td>\n<\/tr>\n<tr class=\"row-6\">\n\t<td class=\"column-1\">Mayo<\/td><td class=\"column-2\">No se han realizado publicaciones en el Diario Oficial<\/td>\n<\/tr>\n<tr class=\"row-7\">\n\t<td class=\"column-1\">Junio<\/td><td class=\"column-2\">No se han realizado publicaciones en el Diario Oficial<\/td>\n<\/tr>\n<tr class=\"row-8\">\n\t<td class=\"column-1\">Julio<\/td><td class=\"column-2\">No se han realizado publicaciones en el Diario Oficial<\/td>\n<\/tr>\n<tr class=\"row-9\">\n\t<td class=\"column-1\">Agosto<\/td><td class=\"column-2\">No se han realizado publicaciones en el Diario Oficial<\/td>\n<\/tr>\n<tr class=\"row-10\">\n\t<td class=\"column-1\">Septiembre<\/td><td class=\"column-2\">No se han realizado publicaciones en el Diario Oficial<\/td>\n<\/tr>\n<tr class=\"row-11\">\n\t<td class=\"column-1\">Octubre<\/td><td class=\"column-2\">No se han realizado publicaciones en el Diario Oficial<\/td>\n<\/tr>\n<tr class=\"row-12\">\n\t<td class=\"column-1\">Noviembre<\/td><td class=\"column-2\">No se han realizado publicaciones en el Diario Oficial<\/td>\n<\/tr>\n<tr class=\"row-13\">\n\t<td class=\"column-1\">Diciembre<\/td><td class=\"column-2\">No se han realizado publicaciones en el Diario Oficial<\/td>\n<\/tr>\n<\/tbody>\n<\/table>\n<!-- #tablepress-198 from cache -->\n<\/div><\/div>\n<div class=\"wp-block-esab-accordion-child\"><div class=\"esab__head\" role=\"button\" aria-expanded=\"false\"><div class=\"esab__heading_txt\"><p class=\"esab__heading_tag\">A\u00d1O 2026<\/p><\/div><div class=\"esab__icon\"><div class=\"esab__collapse\"> <svg version=\"1.2\" viewBox=\"0 0 24 24\" width=\"24\" height=\"24\"><path fill-rule=\"evenodd\" d=\"m3.5 20.5c-4.7-4.7-4.7-12.3 0-17 4.7-4.7 12.3-4.7 17 0 4.6 4.7 4.6 12.3 0 17-4.7 4.6-12.3 4.6-17 0zm0.9-0.9c4.2 4.2 11 4.2 15.2 0 4.2-4.2 4.2-11 0-15.2-4.2-4.3-11-4.3-15.2 0-4.3 4.2-4.3 11 0 15.2z\"><\/path><path d=\"m11.4 15.9v-3.3h-3.3c-0.3 0-0.6-0.3-0.6-0.6 0-0.4 0.3-0.6 0.6-0.6h3.3v-3.3c0-0.3 0.3-0.6 0.6-0.6 0.3 0 0.6 0.3 0.6 0.6v3.3h3.3c0.3 0 0.6 0.2 0.6 0.6q0 0.2-0.2 0.4-0.2 0.2-0.4 0.2h-3.3v3.3q0 0.2-0.2 0.4-0.2 0.2-0.4 0.2c-0.4 0-0.6-0.3-0.6-0.6z\"><\/path><\/svg> <\/div><div class=\"esab__expand\"> <svg version=\"1.2\" viewBox=\"0 0 24 24\" width=\"24\" height=\"24\"><path fill-rule=\"evenodd\" d=\"m12 24c-6.6 0-12-5.4-12-12 0-6.6 5.4-12 12-12 6.6 0 12 5.4 12 12 0 6.6-5.4 12-12 12zm10.6-12c0-5.9-4.7-10.6-10.6-10.6-5.9 0-10.6 4.7-10.6 10.6 0 5.9 4.7 10.6 10.6 10.6 5.9 0 10.6-4.7 10.6-10.6z\"><\/path><path d=\"m5.6 11.3h12.8v1.4h-12.8z\"><\/path><\/svg> <\/div><\/div><\/div><div class=\"esab__body\">\n<p><\/p>\n\n<table id=\"tablepress-217\" class=\"tablepress tablepress-id-217\">\n<thead>\n<tr class=\"row-1\">\n\t<th class=\"column-1\">MES<\/th><th class=\"column-2\">DETALLE<\/th>\n<\/tr>\n<\/thead>\n<tbody class=\"row-striping row-hover\">\n<tr class=\"row-2\">\n\t<td class=\"column-1\">Enero<\/td><td class=\"column-2\">No se han realizado publicaciones en el Diario Oficial<\/td>\n<\/tr>\n<tr class=\"row-3\">\n\t<td class=\"column-1\">Febrero<\/td><td class=\"column-2\"><\/td>\n<\/tr>\n<tr class=\"row-4\">\n\t<td class=\"column-1\">Marzo<\/td><td class=\"column-2\"><\/td>\n<\/tr>\n<tr class=\"row-5\">\n\t<td class=\"column-1\">Abril<\/td><td class=\"column-2\"><\/td>\n<\/tr>\n<tr class=\"row-6\">\n\t<td class=\"column-1\">Mayo<\/td><td class=\"column-2\"><\/td>\n<\/tr>\n<tr class=\"row-7\">\n\t<td class=\"column-1\">Junio<\/td><td class=\"column-2\"><\/td>\n<\/tr>\n<tr class=\"row-8\">\n\t<td class=\"column-1\">Julio<\/td><td class=\"column-2\"><\/td>\n<\/tr>\n<tr class=\"row-9\">\n\t<td class=\"column-1\">Agosto<\/td><td class=\"column-2\"><\/td>\n<\/tr>\n<tr class=\"row-10\">\n\t<td class=\"column-1\">Septiembre<\/td><td class=\"column-2\"><\/td>\n<\/tr>\n<tr class=\"row-11\">\n\t<td class=\"column-1\">Octubre<\/td><td class=\"column-2\"><\/td>\n<\/tr>\n<tr class=\"row-12\">\n\t<td class=\"column-1\">Noviembre<\/td><td class=\"column-2\"><\/td>\n<\/tr>\n<tr class=\"row-13\">\n\t<td class=\"column-1\">Diciembre<\/td><td class=\"column-2\"><\/td>\n<\/tr>\n<\/tbody>\n<\/table>\n<!-- #tablepress-217 from cache -->\n<\/div><\/div>\n<\/div><\/div>\n","protected":false},"excerpt":{"rendered":"<p>A\u00d1O 2021 A\u00d1O 2022 A\u00d1O 2023 A\u00d1O 2024 A\u00d1O 2025 A\u00d1O 2026<\/p>\n","protected":false},"author":1,"featured_media":0,"parent":0,"menu_order":0,"comment_status":"closed","ping_status":"closed","template":"","meta":{"_eb_attr":"","_themeisle_gutenberg_block_has_review":false,"footnotes":""},"class_list":["post-3898","page","type-page","status-publish","hentry"],"_links":{"self":[{"href":"https:\/\/corporacionlampa.cl\/transparencia\/wp-json\/wp\/v2\/pages\/3898","targetHints":{"allow":["GET"]}}],"collection":[{"href":"https:\/\/corporacionlampa.cl\/transparencia\/wp-json\/wp\/v2\/pages"}],"about":[{"href":"https:\/\/corporacionlampa.cl\/transparencia\/wp-json\/wp\/v2\/types\/page"}],"author":[{"embeddable":true,"href":"https:\/\/corporacionlampa.cl\/transparencia\/wp-json\/wp\/v2\/users\/1"}],"replies":[{"embeddable":true,"href":"https:\/\/corporacionlampa.cl\/transparencia\/wp-json\/wp\/v2\/comments?post=3898"}],"version-history":[{"count":9,"href":"https:\/\/corporacionlampa.cl\/transparencia\/wp-json\/wp\/v2\/pages\/3898\/revisions"}],"predecessor-version":[{"id":9891,"href":"https:\/\/corporacionlampa.cl\/transparencia\/wp-json\/wp\/v2\/pages\/3898\/revisions\/9891"}],"wp:attachment":[{"href":"https:\/\/corporacionlampa.cl\/transparencia\/wp-json\/wp\/v2\/media?parent=3898"}],"curies":[{"name":"wp","href":"https:\/\/api.w.org\/{rel}","templated":true}]}}