{"id":3844,"date":"2021-10-05T16:16:24","date_gmt":"2021-10-05T16:16:24","guid":{"rendered":"https:\/\/corporacionlampa.cl\/transparencia\/?page_id=3844"},"modified":"2021-10-05T16:16:25","modified_gmt":"2021-10-05T16:16:25","slug":"potestad-atribuciones-y-funciones","status":"publish","type":"page","link":"https:\/\/corporacionlampa.cl\/transparencia\/potestad-atribuciones-y-funciones\/","title":{"rendered":"POTESTADES, ATRIBUCIONES Y FUNCIONES"},"content":{"rendered":"\n<div class=\"wp-block-themeisle-blocks-advanced-columns has-1-columns has-desktop-equal-layout has-tablet-equal-layout has-mobile-equal-layout has-default-gap has-vertical-unset\" id=\"wp-block-themeisle-blocks-advanced-columns-baa4abb5\"><div class=\"wp-block-themeisle-blocks-advanced-columns-overlay\"><\/div><div class=\"innerblocks-wrap\">\n<div class=\"wp-block-themeisle-blocks-advanced-column\" id=\"wp-block-themeisle-blocks-advanced-column-17176172\">\n<div class=\"wp-block-columns is-layout-flex wp-container-core-columns-is-layout-9d6595d7 wp-block-columns-is-layout-flex\">\n<div class=\"wp-block-column is-layout-flow wp-block-column-is-layout-flow\" style=\"flex-basis:100%\">\n<div class=\"wp-block-group\"><div class=\"wp-block-group__inner-container is-layout-flow wp-block-group-is-layout-flow\">\n<figure class=\"wp-block-table aligncenter is-style-regular\"><table class=\"has-fixed-layout\"><thead><tr><th><\/th><th><\/th><th><\/th><th class=\"has-text-align-center\" data-align=\"center\"><\/th><\/tr><\/thead><tbody><tr><td><strong><h5> Denominaci\u00f3n<\/h5><\/strong><\/td><td><strong><h5>Potestades<\/h5><\/strong><\/td><td><strong><h5>Fuente Legal<\/h5><\/strong><\/td><td class=\"has-text-align-center\" data-align=\"center\"><strong><h5>Enlace <\/h5><\/strong><\/td><\/tr><tr><td>Atribuciones y Funcion Acta de Constituci\u00f3n es<\/td><td>Art\u00edculo 12.- Las Municipalidades que tomen a su cargo servicios de las \u00e1reas de educaci\u00f3n, de salud o de atenci\u00f3n de menores, para los efectos de la administraci\u00f3n y operaci\u00f3n de ellos, podr\u00e1n constituir, conforme a las normas del T\u00edtulo XXXIII del Libro I del C\u00f3digo Civil, con organizaciones de la comuna, interesadas en los servicios referidos, una o m\u00e1s personas jur\u00eddicas de derecho privado, o podr\u00e1n entregar dicha administraci\u00f3n y operaci\u00f3n a personas jur\u00eddicas de derecho privado que no persigan fines de lucro. En los estatutos de las personas jur\u00eddicas que constituyan las Municipalidades deber\u00e1 establecerse que la presidencia de ellas corresponder\u00e1 al Alcalde respectivo, quien podr\u00e1 delegarla en la persona que estime conveniente y que el n\u00famero de directores no podr\u00e1 ser superior a cinco. Todos estos cargos ser\u00e1n concejiles. Autor\u00edzase a las Municipalidades que otorguen a la administraci\u00f3n de los servicios referidos a personas jur\u00eddicas de derecho privado para entregarles en comodato los bienes inmuebles destinados a los servicios referidos, ya sean de propiedad de la Municipalidad o \u00e9sta los haya recibido, a su vez, en comodato para tales servicios.<br><br><br><\/td><td>DFL 1-3063 DEL MINISTERIO DEL INTERIOR( ART. 12) 1980<\/td><td class=\"has-text-align-center\" data-align=\"center\"><a rel=\"noreferrer noopener\" href=\"https:\/\/corporacionlampa.cl\/transparencia\/wp-content\/uploads\/2021\/09\/DFL-1-3063-13-JUN-1980.pdf\" target=\"_blank\"><code><img loading=\"lazy\" decoding=\"async\" width=\"60\" height=\"60\" class=\"wp-image-2731\" style=\"width: 60px;\" src=\"https:\/\/corporacionlampa.cl\/transparencia\/wp-content\/uploads\/2021\/04\/icopdf.png\" alt=\"link\" srcset=\"https:\/\/corporacionlampa.cl\/transparencia\/wp-content\/uploads\/2021\/04\/icopdf.png 256w, https:\/\/corporacionlampa.cl\/transparencia\/wp-content\/uploads\/2021\/04\/icopdf-150x150.png 150w, https:\/\/corporacionlampa.cl\/transparencia\/wp-content\/uploads\/2021\/04\/icopdf-250x250.png 250w, https:\/\/corporacionlampa.cl\/transparencia\/wp-content\/uploads\/2021\/04\/icopdf-174x174.png 174w\" sizes=\"auto, (max-width: 60px) 100vw, 60px\" \/><\/code><\/a><\/td><\/tr><tr><td>Acta de Constituci\u00f3n<\/td><td>La Corporaci\u00f3n no tendr\u00e1 fines de lucro y su objeto ser\u00e1: a) administrar y operar servicios en las \u00e1reas de educaci\u00f3n, salud y atenci\u00f3n de menores que haya tomado a su cargo la Ilustre Municipalidad de Lampa, adoptando las medidas necesarias para su dotaci\u00f3n, ampliaci\u00f3n y perfeccionamiento. En el cumplimiento de estas finalidades, la Corporaci\u00f3n tendr\u00e1 las m\u00e1s amplias atribuciones, sin perjuicio de las que en materia de supervigilancia y fiscalizaci\u00f3n correspondan a las Autoridades p\u00fablicas de acuerdo con las leyes y reglamentos, y b) Difundir en la opini\u00f3n p\u00fablica el conocimiento de los objetivos que impulsa la Corporaci\u00f3n y las realizaciones que ella lleva a cabo.<\/td><td>Estatutos de la Corporaci\u00f3n Municipal de Desarrollo Social de Lampa, para la Educaci\u00f3n y la Salud, art\u00edculo 3\u00b0, letras a) y b)<\/td><td class=\"has-text-align-center\" data-align=\"center\"> <a href=\"https:\/\/corporacionlampa.cl\/transparencia\/wp-content\/uploads\/2021\/09\/Estatutos-Corporacion-Lampa.pdf\" target=\"_blank\" rel=\"noreferrer noopener\"><img loading=\"lazy\" decoding=\"async\" width=\"60\" height=\"60\" class=\"wp-image-2731\" style=\"width: 60px;\" src=\"https:\/\/corporacionlampa.cl\/transparencia\/wp-content\/uploads\/2021\/04\/icopdf.png\" alt=\"link\" srcset=\"https:\/\/corporacionlampa.cl\/transparencia\/wp-content\/uploads\/2021\/04\/icopdf.png 256w, https:\/\/corporacionlampa.cl\/transparencia\/wp-content\/uploads\/2021\/04\/icopdf-150x150.png 150w, https:\/\/corporacionlampa.cl\/transparencia\/wp-content\/uploads\/2021\/04\/icopdf-250x250.png 250w, https:\/\/corporacionlampa.cl\/transparencia\/wp-content\/uploads\/2021\/04\/icopdf-174x174.png 174w\" sizes=\"auto, (max-width: 60px) 100vw, 60px\" \/><\/a> <\/td><\/tr><tr><td>Rectificaci\u00f3n de la Acta de Constituci\u00f3n<\/td><td>La Direcci\u00f3n de Educaci\u00f3n debe atender los establecimientos educacionales garantizando la educaci\u00f3n de ni\u00f1os, ni\u00f1as, j\u00f3venes y adultos.<\/td><td>DFL 1\/ REFUNDE LEY 19.070<\/td><td class=\"has-text-align-center\" data-align=\"center\"> <a href=\"https:\/\/corporacionlampa.cl\/transparencia\/wp-content\/uploads\/2021\/09\/DFL-1-ley-19.070-Estatuto-Docente.pdf\"><img loading=\"lazy\" decoding=\"async\" width=\"60\" height=\"60\" class=\"wp-image-2731\" style=\"width: 60px;\" src=\"https:\/\/corporacionlampa.cl\/transparencia\/wp-content\/uploads\/2021\/04\/icopdf.png\" alt=\"link\" srcset=\"https:\/\/corporacionlampa.cl\/transparencia\/wp-content\/uploads\/2021\/04\/icopdf.png 256w, https:\/\/corporacionlampa.cl\/transparencia\/wp-content\/uploads\/2021\/04\/icopdf-150x150.png 150w, https:\/\/corporacionlampa.cl\/transparencia\/wp-content\/uploads\/2021\/04\/icopdf-250x250.png 250w, https:\/\/corporacionlampa.cl\/transparencia\/wp-content\/uploads\/2021\/04\/icopdf-174x174.png 174w\" sizes=\"auto, (max-width: 60px) 100vw, 60px\" \/><\/a> <\/td><\/tr><tr><td>Modificaci\u00f3n De Los Estatutos De La Corporaci\u00f3n Municipal De Lampa<\/td><td>La Direcci\u00f3n de Salud, debe implementar pol\u00edticas que favorezcan la promoci\u00f3n, el auto cuidado y la satisfacci\u00f3n de necesidades sanitarias de la poblaci\u00f3n comunal, as\u00ed como modernizar la gesti\u00f3n en los centros de salud bajo sistema que permite facilitar la programaci\u00f3n de las actividades del establecimiento y mejorar la atenci\u00f3n de salud de las personas.<\/td><td>LEY 19.378<\/td><td class=\"has-text-align-center\" data-align=\"center\"> <a href=\"https:\/\/corporacionlampa.cl\/transparencia\/wp-content\/uploads\/2021\/09\/Ley-19.378-Estatuto-de-Atencion-Primaria-de-Salud-Municipal.pdf\"><img loading=\"lazy\" decoding=\"async\" width=\"60\" height=\"60\" class=\"wp-image-2731\" style=\"width: 60px;\" src=\"https:\/\/corporacionlampa.cl\/transparencia\/wp-content\/uploads\/2021\/04\/icopdf.png\" alt=\"link\" srcset=\"https:\/\/corporacionlampa.cl\/transparencia\/wp-content\/uploads\/2021\/04\/icopdf.png 256w, https:\/\/corporacionlampa.cl\/transparencia\/wp-content\/uploads\/2021\/04\/icopdf-150x150.png 150w, https:\/\/corporacionlampa.cl\/transparencia\/wp-content\/uploads\/2021\/04\/icopdf-250x250.png 250w, https:\/\/corporacionlampa.cl\/transparencia\/wp-content\/uploads\/2021\/04\/icopdf-174x174.png 174w\" sizes=\"auto, (max-width: 60px) 100vw, 60px\" \/><\/a> <\/td><\/tr><\/tbody><\/table><\/figure>\n<\/div><\/div>\n\n\n\n<div class=\"wp-block-group\"><div class=\"wp-block-group__inner-container is-layout-flow wp-block-group-is-layout-flow\">\n<div class=\"wp-block-group\"><div class=\"wp-block-group__inner-container is-layout-flow wp-block-group-is-layout-flow\">\n<div class=\"wp-block-columns is-layout-flex wp-container-core-columns-is-layout-9d6595d7 wp-block-columns-is-layout-flex\">\n<div class=\"wp-block-column is-layout-flow wp-block-column-is-layout-flow\" style=\"flex-basis:100%\">\n<div class=\"wp-block-columns is-layout-flex wp-container-core-columns-is-layout-9d6595d7 wp-block-columns-is-layout-flex\">\n<div class=\"wp-block-column is-layout-flow wp-block-column-is-layout-flow\" style=\"flex-basis:100%\">\n<div class=\"wp-block-columns is-layout-flex wp-container-core-columns-is-layout-9d6595d7 wp-block-columns-is-layout-flex\">\n<div class=\"wp-block-column is-layout-flow wp-block-column-is-layout-flow\" style=\"flex-basis:100%\">\n<div class=\"wp-block-columns is-layout-flex wp-container-core-columns-is-layout-9d6595d7 wp-block-columns-is-layout-flex\">\n<div class=\"wp-block-column is-layout-flow wp-block-column-is-layout-flow\" style=\"flex-basis:100%\">\n<div class=\"wp-block-group\"><div class=\"wp-block-group__inner-container is-layout-flow wp-block-group-is-layout-flow\">\n<div class=\"wp-block-group\"><div class=\"wp-block-group__inner-container is-layout-flow wp-block-group-is-layout-flow\"><\/div><\/div>\n<\/div><\/div>\n<\/div>\n<\/div>\n<\/div>\n<\/div>\n<\/div>\n<\/div>\n<\/div>\n<\/div>\n<\/div><\/div>\n<\/div><\/div>\n<\/div>\n<\/div>\n<\/div>\n<\/div><\/div>\n","protected":false},"excerpt":{"rendered":"","protected":false},"author":1,"featured_media":0,"parent":0,"menu_order":0,"comment_status":"closed","ping_status":"closed","template":"","meta":{"_eb_attr":"","_themeisle_gutenberg_block_has_review":false,"footnotes":""},"class_list":["post-3844","page","type-page","status-publish","hentry"],"_links":{"self":[{"href":"https:\/\/corporacionlampa.cl\/transparencia\/wp-json\/wp\/v2\/pages\/3844","targetHints":{"allow":["GET"]}}],"collection":[{"href":"https:\/\/corporacionlampa.cl\/transparencia\/wp-json\/wp\/v2\/pages"}],"about":[{"href":"https:\/\/corporacionlampa.cl\/transparencia\/wp-json\/wp\/v2\/types\/page"}],"author":[{"embeddable":true,"href":"https:\/\/corporacionlampa.cl\/transparencia\/wp-json\/wp\/v2\/users\/1"}],"replies":[{"embeddable":true,"href":"https:\/\/corporacionlampa.cl\/transparencia\/wp-json\/wp\/v2\/comments?post=3844"}],"version-history":[{"count":23,"href":"https:\/\/corporacionlampa.cl\/transparencia\/wp-json\/wp\/v2\/pages\/3844\/revisions"}],"predecessor-version":[{"id":3958,"href":"https:\/\/corporacionlampa.cl\/transparencia\/wp-json\/wp\/v2\/pages\/3844\/revisions\/3958"}],"wp:attachment":[{"href":"https:\/\/corporacionlampa.cl\/transparencia\/wp-json\/wp\/v2\/media?parent=3844"}],"curies":[{"name":"wp","href":"https:\/\/api.w.org\/{rel}","templated":true}]}}