{"id":3827,"date":"2021-10-05T18:58:16","date_gmt":"2021-10-05T18:58:16","guid":{"rendered":"https:\/\/corporacionlampa.cl\/transparencia\/?page_id=3827"},"modified":"2022-06-13T22:35:13","modified_gmt":"2022-06-13T22:35:13","slug":"marco-normativo","status":"publish","type":"page","link":"https:\/\/corporacionlampa.cl\/transparencia\/marco-normativo\/","title":{"rendered":"MARCO NORMATIVO"},"content":{"rendered":"\n<div style=\"height:114px\" aria-hidden=\"true\" class=\"wp-block-spacer\"><\/div>\n\n\n\n<p style=\"font-size:18px\"><strong><span style=\"color: #000000;\" class=\"ugb-highlight\">NORMAS ORGANICAS<\/span><\/strong><\/p>\n\n\n\n<table id=\"tablepress-51\" class=\"tablepress tablepress-id-51\">\n<thead>\n<tr class=\"row-1\">\n\t<th class=\"column-1\">Tipo De Norma<\/th><th class=\"column-2\">N\u00famero Norma <\/th><th class=\"column-3\">Denominaci\u00f3n Norma<\/th><th class=\"column-4\">Fecha de Publicaci\u00f3n o Dictaci\u00f3n<\/th><th class=\"column-5\">Enlace de publicaci\u00f3n<\/th>\n<\/tr>\n<\/thead>\n<tbody class=\"row-striping row-hover\">\n<tr class=\"row-2\">\n\t<td class=\"column-1\">Decreto<\/td><td class=\"column-2\">555<\/td><td class=\"column-3\">Concede Personalidad Jur\u00eddica y Aprueba Estatutos a la entidad \"Corporaci\u00f3n Municipal de Desarrollo Social de Lampa<\/td><td class=\"column-4\">03\/07\/1982<\/td><td class=\"column-5\"><center><a href=\"https:\/\/corporacionlampa.cl\/transparencia\/wp-content\/uploads\/2021\/09\/decreto-555.pdf\" rel=\"noopener\" target=\"_blank\"><img loading=\"lazy\" decoding=\"async\" src=\"https:\/\/corporacionlampa.cl\/transparencia\/wp-content\/uploads\/2021\/04\/icopdf-150x150.png\" alt=\"\" width=\"60\" height=\"60\" class=\"aligncenter size-thumbnail wp-image-2731\" srcset=\"https:\/\/corporacionlampa.cl\/transparencia\/wp-content\/uploads\/2021\/04\/icopdf-150x150.png 150w, https:\/\/corporacionlampa.cl\/transparencia\/wp-content\/uploads\/2021\/04\/icopdf-250x250.png 250w, https:\/\/corporacionlampa.cl\/transparencia\/wp-content\/uploads\/2021\/04\/icopdf-174x174.png 174w, https:\/\/corporacionlampa.cl\/transparencia\/wp-content\/uploads\/2021\/04\/icopdf.png 256w\" sizes=\"auto, (max-width: 60px) 100vw, 60px\" \/><\/a><\/td>\n<\/tr>\n<tr class=\"row-3\">\n\t<td class=\"column-1\">Acta de Constituci\u00f3n<\/td><td class=\"column-2\">S\/N<\/td><td class=\"column-3\">Escritura P\u00fablica De Constituci\u00f3n De La Corporaci\u00f3n Municipal De Desarrollo Social De Lampa<\/td><td class=\"column-4\">17\/02\/1982<\/td><td class=\"column-5\"><center><a href=\"https:\/\/corporacionlampa.cl\/transparencia\/wp-content\/uploads\/2021\/09\/Acta-Constitutiva.pdf\" rel=\"noopener\" target=\"_blank\"><img loading=\"lazy\" decoding=\"async\" src=\"https:\/\/corporacionlampa.cl\/transparencia\/wp-content\/uploads\/2021\/04\/icopdf-150x150.png\" alt=\"\" width=\"60\" height=\"60\" class=\"aligncenter size-thumbnail wp-image-2731\" srcset=\"https:\/\/corporacionlampa.cl\/transparencia\/wp-content\/uploads\/2021\/04\/icopdf-150x150.png 150w, https:\/\/corporacionlampa.cl\/transparencia\/wp-content\/uploads\/2021\/04\/icopdf-250x250.png 250w, https:\/\/corporacionlampa.cl\/transparencia\/wp-content\/uploads\/2021\/04\/icopdf-174x174.png 174w, https:\/\/corporacionlampa.cl\/transparencia\/wp-content\/uploads\/2021\/04\/icopdf.png 256w\" sizes=\"auto, (max-width: 60px) 100vw, 60px\" \/><\/a><\/td>\n<\/tr>\n<tr class=\"row-4\">\n\t<td class=\"column-1\">Rectificaci\u00f3n de la Acta de Constituci\u00f3n<\/td><td class=\"column-2\">S\/N<\/td><td class=\"column-3\">Rectificaci\u00f3n Escritura P\u00fablica De Constituci\u00f3n De La Corporaci\u00f3n Municipal De Desarrollo Social De Lampa<\/td><td class=\"column-4\">29\/04\/1982<\/td><td class=\"column-5\"><center><a href=\"https:\/\/corporacionlampa.cl\/transparencia\/wp-content\/uploads\/2021\/09\/Rectificacion-de-Acta-Constitutiva.pdf\" rel=\"noopener\" target=\"_blank\"><img loading=\"lazy\" decoding=\"async\" src=\"https:\/\/corporacionlampa.cl\/transparencia\/wp-content\/uploads\/2021\/04\/icopdf-150x150.png\" alt=\"\" width=\"60\" height=\"60\" class=\"aligncenter size-thumbnail wp-image-2731\" srcset=\"https:\/\/corporacionlampa.cl\/transparencia\/wp-content\/uploads\/2021\/04\/icopdf-150x150.png 150w, https:\/\/corporacionlampa.cl\/transparencia\/wp-content\/uploads\/2021\/04\/icopdf-250x250.png 250w, https:\/\/corporacionlampa.cl\/transparencia\/wp-content\/uploads\/2021\/04\/icopdf-174x174.png 174w, https:\/\/corporacionlampa.cl\/transparencia\/wp-content\/uploads\/2021\/04\/icopdf.png 256w\" sizes=\"auto, (max-width: 60px) 100vw, 60px\" \/><\/a><\/td>\n<\/tr>\n<tr class=\"row-5\">\n\t<td class=\"column-1\">Modificaci\u00f3n De Los Estatutos De La Corporaci\u00f3n Municipal De Lampa<\/td><td class=\"column-2\">S\/N<\/td><td class=\"column-3\">Modificaci\u00f3n del Acta de Constituci\u00f3n<\/td><td class=\"column-4\">28\/04\/2015<\/td><td class=\"column-5\"><center><a href=\"https:\/\/corporacionlampa.cl\/transparencia\/wp-content\/uploads\/2021\/09\/Modificacion-del-Acta-de-Constitucion.pdf\" rel=\"noopener\" target=\"_blank\"><img loading=\"lazy\" decoding=\"async\" src=\"https:\/\/corporacionlampa.cl\/transparencia\/wp-content\/uploads\/2021\/04\/icopdf-150x150.png\" alt=\"\" width=\"60\" height=\"60\" class=\"aligncenter size-thumbnail wp-image-2731\" srcset=\"https:\/\/corporacionlampa.cl\/transparencia\/wp-content\/uploads\/2021\/04\/icopdf-150x150.png 150w, https:\/\/corporacionlampa.cl\/transparencia\/wp-content\/uploads\/2021\/04\/icopdf-250x250.png 250w, https:\/\/corporacionlampa.cl\/transparencia\/wp-content\/uploads\/2021\/04\/icopdf-174x174.png 174w, https:\/\/corporacionlampa.cl\/transparencia\/wp-content\/uploads\/2021\/04\/icopdf.png 256w\" sizes=\"auto, (max-width: 60px) 100vw, 60px\" \/><\/a><\/td>\n<\/tr>\n<\/tbody>\n<\/table>\n<!-- #tablepress-51 from cache -->\n\n\n\n<div style=\"height:78px\" aria-hidden=\"true\" class=\"wp-block-spacer\"><\/div>\n\n\n\n<p style=\"font-size:18px\"><span style=\"\" class=\"ugb-highlight\"><strong>NORMAS APLICABLES<\/strong><\/span><\/p>\n\n\n\n<table id=\"tablepress-52\" class=\"tablepress tablepress-id-52\">\n<thead>\n<tr class=\"row-1\">\n\t<th class=\"column-1\">Tipo De Norma <\/th><th class=\"column-2\">N\u00famero  Norma  <\/th><th class=\"column-3\"> Denominaci\u00f3n Norma  <\/th><th class=\"column-4\">Fecha de Publicaci\u00f3n o Dictaci\u00f3n  <\/th><th class=\"column-5\"><center> Enlace de publicaci\u00f3n  <\/th>\n<\/tr>\n<\/thead>\n<tbody class=\"row-striping row-hover\">\n<tr class=\"row-2\">\n\t<td class=\"column-1\">Ley Org\u00e1nica Constitucional  <\/td><td class=\"column-2\">18.695<\/td><td class=\"column-3\">Org\u00e1nica Constitucional de Municipalidades (art. 23; art. 27; art. 67; art. 79)<\/td><td class=\"column-4\">31\/03\/1989<\/td><td class=\"column-5\"><center><a href=\"https:\/\/www.bcn.cl\/leychile\/navegar?idNorma=251693&amp;idParte=&amp;idVersion=\" rel=\"noopener\" target=\"_blank\"><img loading=\"lazy\" decoding=\"async\" src=\"https:\/\/corporacionlampa.cl\/transparencia\/wp-content\/uploads\/2021\/09\/enlaceweb-150x150.png\" alt=\"\" width=\"60\" height=\"60\" class=\"aligncenter size-thumbnail wp-image-3838\" srcset=\"https:\/\/corporacionlampa.cl\/transparencia\/wp-content\/uploads\/2021\/09\/enlaceweb-150x150.png 150w, https:\/\/corporacionlampa.cl\/transparencia\/wp-content\/uploads\/2021\/09\/enlaceweb-250x250.png 250w, https:\/\/corporacionlampa.cl\/transparencia\/wp-content\/uploads\/2021\/09\/enlaceweb-174x174.png 174w\" sizes=\"auto, (max-width: 60px) 100vw, 60px\" \/><\/a><\/td>\n<\/tr>\n<tr class=\"row-3\">\n\t<td class=\"column-1\">Ley<\/td><td class=\"column-2\">19.070<\/td><td class=\"column-3\">Estatuto de profesionales de la educaci\u00f3n<\/td><td class=\"column-4\">22\/01\/1997<\/td><td class=\"column-5\"><center><a href=\"https:\/\/www.bcn.cl\/leychile\/navegar?idNorma=60439&amp;idVersion=\" rel=\"noopener\" target=\"_blank\"><img loading=\"lazy\" decoding=\"async\" src=\"https:\/\/corporacionlampa.cl\/transparencia\/wp-content\/uploads\/2021\/09\/enlaceweb-150x150.png\" alt=\"\" width=\"60\" height=\"60\" class=\"aligncenter size-thumbnail wp-image-3838\" srcset=\"https:\/\/corporacionlampa.cl\/transparencia\/wp-content\/uploads\/2021\/09\/enlaceweb-150x150.png 150w, https:\/\/corporacionlampa.cl\/transparencia\/wp-content\/uploads\/2021\/09\/enlaceweb-250x250.png 250w, https:\/\/corporacionlampa.cl\/transparencia\/wp-content\/uploads\/2021\/09\/enlaceweb-174x174.png 174w\" sizes=\"auto, (max-width: 60px) 100vw, 60px\" \/><\/a><\/td>\n<\/tr>\n<tr class=\"row-4\">\n\t<td class=\"column-1\">Ley<\/td><td class=\"column-2\">19.410<\/td><td class=\"column-3\">Modifica la Ley N\u00b0 19.070, sobre Estatuto de Profesionales de la Educaci\u00f3n, el decreto con fuerza de ley N\u00b0 5, de 1993, del Ministerio de Educaci\u00f3n, sobre Subvenciones a Establecimientos Educacionales, y otorga beneficios que se\u00f1ala<\/td><td class=\"column-4\">02\/09\/1995<\/td><td class=\"column-5\"><center><a href=\"https:\/\/www.bcn.cl\/leychile\/navegar?idNorma=30777\" rel=\"noopener\" target=\"_blank\"><img loading=\"lazy\" decoding=\"async\" src=\"https:\/\/corporacionlampa.cl\/transparencia\/wp-content\/uploads\/2021\/09\/enlaceweb-150x150.png\" alt=\"\" width=\"60\" height=\"60\" class=\"aligncenter size-thumbnail wp-image-3838\" srcset=\"https:\/\/corporacionlampa.cl\/transparencia\/wp-content\/uploads\/2021\/09\/enlaceweb-150x150.png 150w, https:\/\/corporacionlampa.cl\/transparencia\/wp-content\/uploads\/2021\/09\/enlaceweb-250x250.png 250w, https:\/\/corporacionlampa.cl\/transparencia\/wp-content\/uploads\/2021\/09\/enlaceweb-174x174.png 174w\" sizes=\"auto, (max-width: 60px) 100vw, 60px\" \/><\/a><\/td>\n<\/tr>\n<tr class=\"row-5\">\n\t<td class=\"column-1\">Ley<\/td><td class=\"column-2\">19.380<\/td><td class=\"column-3\">Estatuto de Atenci\u00f3n Primaria<\/td><td class=\"column-4\">13\/04\/1995<\/td><td class=\"column-5\"><center><a href=\"https:\/\/www.bcn.cl\/leychile\/navegar?idNorma=30745&amp;idParte=&amp;idVersion=\" rel=\"noopener\" target=\"_blank\"><img loading=\"lazy\" decoding=\"async\" src=\"https:\/\/corporacionlampa.cl\/transparencia\/wp-content\/uploads\/2021\/09\/enlaceweb-150x150.png\" alt=\"60\" width=\"60\" height=\"60\" class=\"aligncenter size-thumbnail wp-image-3838\" srcset=\"https:\/\/corporacionlampa.cl\/transparencia\/wp-content\/uploads\/2021\/09\/enlaceweb-150x150.png 150w, https:\/\/corporacionlampa.cl\/transparencia\/wp-content\/uploads\/2021\/09\/enlaceweb-250x250.png 250w, https:\/\/corporacionlampa.cl\/transparencia\/wp-content\/uploads\/2021\/09\/enlaceweb-174x174.png 174w\" sizes=\"auto, (max-width: 60px) 100vw, 60px\" \/><\/a><\/td>\n<\/tr>\n<tr class=\"row-6\">\n\t<td class=\"column-1\">Ley<\/td><td class=\"column-2\">19.464<\/td><td class=\"column-3\">Establece normas y concede aumento de remuneraciones para personal no docente de establecimientos educacionales<\/td><td class=\"column-4\">05\/08\/1996<\/td><td class=\"column-5\"><center><a href=\"https:\/\/www.bcn.cl\/leychile\/navegar?idNorma=30745&amp;idParte=&amp;idVersion=\" rel=\"noopener\" target=\"_blank\"><img loading=\"lazy\" decoding=\"async\" src=\"https:\/\/corporacionlampa.cl\/transparencia\/wp-content\/uploads\/2021\/09\/enlaceweb-150x150.png\" alt=\"\" width=\"60\" height=\"60\" class=\"aligncenter size-thumbnail wp-image-3838\" srcset=\"https:\/\/corporacionlampa.cl\/transparencia\/wp-content\/uploads\/2021\/09\/enlaceweb-150x150.png 150w, https:\/\/corporacionlampa.cl\/transparencia\/wp-content\/uploads\/2021\/09\/enlaceweb-250x250.png 250w, https:\/\/corporacionlampa.cl\/transparencia\/wp-content\/uploads\/2021\/09\/enlaceweb-174x174.png 174w\" sizes=\"auto, (max-width: 60px) 100vw, 60px\" \/><\/a><\/td>\n<\/tr>\n<tr class=\"row-7\">\n\t<td class=\"column-1\">Ley<\/td><td class=\"column-2\">20.501<\/td><td class=\"column-3\">Calidad y equidad en la educaci\u00f3n<\/td><td class=\"column-4\">26\/02\/2011<\/td><td class=\"column-5\"><center><a href=\"https:\/\/www.bcn.cl\/leychile\/navegar?idLey=20501\" rel=\"noopener\" target=\"_blank\"><img loading=\"lazy\" decoding=\"async\" src=\"https:\/\/corporacionlampa.cl\/transparencia\/wp-content\/uploads\/2021\/09\/enlaceweb-150x150.png\" alt=\"\" width=\"60\" height=\"60\" class=\"aligncenter size-thumbnail wp-image-3838\" srcset=\"https:\/\/corporacionlampa.cl\/transparencia\/wp-content\/uploads\/2021\/09\/enlaceweb-150x150.png 150w, https:\/\/corporacionlampa.cl\/transparencia\/wp-content\/uploads\/2021\/09\/enlaceweb-250x250.png 250w, https:\/\/corporacionlampa.cl\/transparencia\/wp-content\/uploads\/2021\/09\/enlaceweb-174x174.png 174w\" sizes=\"auto, (max-width: 60px) 100vw, 60px\" \/><\/a><\/td>\n<\/tr>\n<tr class=\"row-8\">\n\t<td class=\"column-1\">Ley<\/td><td class=\"column-2\">20.248<\/td><td class=\"column-3\">Establece Ley de subvenciones escolares Preferenciales<\/td><td class=\"column-4\">01\/02\/2008<\/td><td class=\"column-5\"><center><a href=\"https:\/\/www.bcn.cl\/leychile\/navegar?idLey=20248\" rel=\"noopener\" target=\"_blank\"><img loading=\"lazy\" decoding=\"async\" src=\"https:\/\/corporacionlampa.cl\/transparencia\/wp-content\/uploads\/2021\/09\/enlaceweb-150x150.png\" alt=\"\" width=\"60\" height=\"60\" class=\"aligncenter size-thumbnail wp-image-3838\" srcset=\"https:\/\/corporacionlampa.cl\/transparencia\/wp-content\/uploads\/2021\/09\/enlaceweb-150x150.png 150w, https:\/\/corporacionlampa.cl\/transparencia\/wp-content\/uploads\/2021\/09\/enlaceweb-250x250.png 250w, https:\/\/corporacionlampa.cl\/transparencia\/wp-content\/uploads\/2021\/09\/enlaceweb-174x174.png 174w\" sizes=\"auto, (max-width: 60px) 100vw, 60px\" \/><\/a><\/td>\n<\/tr>\n<tr class=\"row-9\">\n\t<td class=\"column-1\">Decreto con Fuerza de Ley<\/td><td class=\"column-2\">2<\/td><td class=\"column-3\">Fija texto refundido, coordinado y sistematizado del Decreto con Fuerza de Ley N\u00b0 2 de 1996 sobre subvenci\u00f3n del estado a establecimientos educaciones<\/td><td class=\"column-4\">22\/11\/1998<\/td><td class=\"column-5\"><center><a href=\"https:\/\/www.bcn.cl\/leychile\/navegar?idNorma=127911&amp;idParte=&amp;idVersion=\" rel=\"noopener\" target=\"_blank\"><img loading=\"lazy\" decoding=\"async\" src=\"https:\/\/corporacionlampa.cl\/transparencia\/wp-content\/uploads\/2021\/09\/enlaceweb-150x150.png\" alt=\"\" width=\"60\" height=\"60\" class=\"aligncenter size-thumbnail wp-image-3838\" srcset=\"https:\/\/corporacionlampa.cl\/transparencia\/wp-content\/uploads\/2021\/09\/enlaceweb-150x150.png 150w, https:\/\/corporacionlampa.cl\/transparencia\/wp-content\/uploads\/2021\/09\/enlaceweb-250x250.png 250w, https:\/\/corporacionlampa.cl\/transparencia\/wp-content\/uploads\/2021\/09\/enlaceweb-174x174.png 174w\" sizes=\"auto, (max-width: 60px) 100vw, 60px\" \/><\/a><\/td>\n<\/tr>\n<tr class=\"row-10\">\n\t<td class=\"column-1\">Decreto con Fuerza de Ley<\/td><td class=\"column-2\">1<\/td><td class=\"column-3\">Fija el texto refundido, coordinado y sistematizado del C\u00f3digo del Trabajo<\/td><td class=\"column-4\">16\/01\/2003<\/td><td class=\"column-5\"><center><a href=\"https:\/\/www.bcn.cl\/leychile\/navegar?idNorma=207436\" rel=\"noopener\" target=\"_blank\"><img loading=\"lazy\" decoding=\"async\" src=\"https:\/\/corporacionlampa.cl\/transparencia\/wp-content\/uploads\/2021\/09\/enlaceweb-150x150.png\" alt=\"\" width=\"60\" height=\"60\" class=\"aligncenter size-thumbnail wp-image-3838\" srcset=\"https:\/\/corporacionlampa.cl\/transparencia\/wp-content\/uploads\/2021\/09\/enlaceweb-150x150.png 150w, https:\/\/corporacionlampa.cl\/transparencia\/wp-content\/uploads\/2021\/09\/enlaceweb-250x250.png 250w, https:\/\/corporacionlampa.cl\/transparencia\/wp-content\/uploads\/2021\/09\/enlaceweb-174x174.png 174w\" sizes=\"auto, (max-width: 60px) 100vw, 60px\" \/><\/a><\/td>\n<\/tr>\n<tr class=\"row-11\">\n\t<td class=\"column-1\">Decreto<\/td><td class=\"column-2\">453<\/td><td class=\"column-3\">Aprueba Reglamento de la Ley N\u00b0 19.070, Estatuto de los Profesionales de la Educaci\u00f3n<\/td><td class=\"column-4\">03\/09\/1992<\/td><td class=\"column-5\"><center><a href=\"https:\/\/www.bcn.cl\/leychile\/navegar?idNorma=13511\" rel=\"noopener\" target=\"_blank\"><img loading=\"lazy\" decoding=\"async\" src=\"https:\/\/corporacionlampa.cl\/transparencia\/wp-content\/uploads\/2021\/09\/enlaceweb-150x150.png\" alt=\"\" width=\"60\" height=\"60\" class=\"aligncenter size-thumbnail wp-image-3838\" srcset=\"https:\/\/corporacionlampa.cl\/transparencia\/wp-content\/uploads\/2021\/09\/enlaceweb-150x150.png 150w, https:\/\/corporacionlampa.cl\/transparencia\/wp-content\/uploads\/2021\/09\/enlaceweb-250x250.png 250w, https:\/\/corporacionlampa.cl\/transparencia\/wp-content\/uploads\/2021\/09\/enlaceweb-174x174.png 174w\" sizes=\"auto, (max-width: 60px) 100vw, 60px\" \/><\/a><\/td>\n<\/tr>\n<tr class=\"row-12\">\n\t<td class=\"column-1\">Decreto<\/td><td class=\"column-2\">110<\/td><td class=\"column-3\">Aprueba Reglamento sobre concesi\u00f3n de personalidad Jur\u00eddica a Corporaciones y Fundaciones<\/td><td class=\"column-4\">17\/01\/1979<\/td><td class=\"column-5\"><center><a href=\"https:\/\/corporacionlampa.cl\/transparencia\/wp-content\/uploads\/2022\/06\/DTO-110_20-MAR-1979.pdf\" rel=\"noopener\" target=\"_blank\"><img loading=\"lazy\" decoding=\"async\" src=\"https:\/\/corporacionlampa.cl\/transparencia\/wp-content\/uploads\/2021\/04\/icopdf-150x150.png\" alt=\"\" width=\"60\" height=\"60\" class=\"aligncenter size-thumbnail wp-image-2731\" srcset=\"https:\/\/corporacionlampa.cl\/transparencia\/wp-content\/uploads\/2021\/04\/icopdf-150x150.png 150w, https:\/\/corporacionlampa.cl\/transparencia\/wp-content\/uploads\/2021\/04\/icopdf-250x250.png 250w, https:\/\/corporacionlampa.cl\/transparencia\/wp-content\/uploads\/2021\/04\/icopdf-174x174.png 174w, https:\/\/corporacionlampa.cl\/transparencia\/wp-content\/uploads\/2021\/04\/icopdf.png 256w\" sizes=\"auto, (max-width: 60px) 100vw, 60px\" \/><\/a><\/td>\n<\/tr>\n<tr class=\"row-13\">\n\t<td class=\"column-1\">Decreto con Fuerza de Ley<\/td><td class=\"column-2\">1-3063<\/td><td class=\"column-3\">Reglamenta Aplicacion Inciso Segundo del Articulo 38\u00b0 del DL. N\u00b03.063 de 1979<\/td><td class=\"column-4\">02\/06\/1980<br \/>\n<\/td><td class=\"column-5\"><center><a href=\"https:\/\/corporacionlampa.cl\/transparencia\/wp-content\/uploads\/2022\/06\/DFL-1_13-JUN-1980.pdf\" rel=\"noopener\" target=\"_blank\"><img loading=\"lazy\" decoding=\"async\" src=\"https:\/\/corporacionlampa.cl\/transparencia\/wp-content\/uploads\/2021\/04\/icopdf-150x150.png\" alt=\"\" width=\"60\" height=\"60\" class=\"aligncenter size-thumbnail wp-image-2731\" srcset=\"https:\/\/corporacionlampa.cl\/transparencia\/wp-content\/uploads\/2021\/04\/icopdf-150x150.png 150w, https:\/\/corporacionlampa.cl\/transparencia\/wp-content\/uploads\/2021\/04\/icopdf-250x250.png 250w, https:\/\/corporacionlampa.cl\/transparencia\/wp-content\/uploads\/2021\/04\/icopdf-174x174.png 174w, https:\/\/corporacionlampa.cl\/transparencia\/wp-content\/uploads\/2021\/04\/icopdf.png 256w\" sizes=\"auto, (max-width: 60px) 100vw, 60px\" \/><\/a><\/td>\n<\/tr>\n<tr class=\"row-14\">\n\t<td class=\"column-1\">Decreto<\/td><td class=\"column-2\">1889<\/td><td class=\"column-3\">Reglamento de la Carrera Funcionaria del personal regido por el Estatuto de Atenci\u00f3n Primaria de Salud Municipal<\/td><td class=\"column-4\">29\/11\/1995<\/td><td class=\"column-5\"><center><a href=\"https:\/\/www.bcn.cl\/leychile\/navegar?idNorma=18693\" rel=\"noopener\" target=\"_blank\"><img loading=\"lazy\" decoding=\"async\" src=\"https:\/\/corporacionlampa.cl\/transparencia\/wp-content\/uploads\/2021\/09\/enlaceweb-150x150.png\" alt=\"\" width=\"60\" height=\"60\" class=\"aligncenter size-thumbnail wp-image-3838\" srcset=\"https:\/\/corporacionlampa.cl\/transparencia\/wp-content\/uploads\/2021\/09\/enlaceweb-150x150.png 150w, https:\/\/corporacionlampa.cl\/transparencia\/wp-content\/uploads\/2021\/09\/enlaceweb-250x250.png 250w, https:\/\/corporacionlampa.cl\/transparencia\/wp-content\/uploads\/2021\/09\/enlaceweb-174x174.png 174w\" sizes=\"auto, (max-width: 60px) 100vw, 60px\" \/><\/a><\/td>\n<\/tr>\n<\/tbody>\n<\/table>\n<!-- #tablepress-52 from cache -->\n","protected":false},"excerpt":{"rendered":"<p>NORMAS ORGANICAS NORMAS APLICABLES<\/p>\n","protected":false},"author":1,"featured_media":0,"parent":0,"menu_order":0,"comment_status":"closed","ping_status":"closed","template":"","meta":{"_eb_attr":"","_themeisle_gutenberg_block_has_review":false,"footnotes":""},"class_list":["post-3827","page","type-page","status-publish","hentry"],"_links":{"self":[{"href":"https:\/\/corporacionlampa.cl\/transparencia\/wp-json\/wp\/v2\/pages\/3827","targetHints":{"allow":["GET"]}}],"collection":[{"href":"https:\/\/corporacionlampa.cl\/transparencia\/wp-json\/wp\/v2\/pages"}],"about":[{"href":"https:\/\/corporacionlampa.cl\/transparencia\/wp-json\/wp\/v2\/types\/page"}],"author":[{"embeddable":true,"href":"https:\/\/corporacionlampa.cl\/transparencia\/wp-json\/wp\/v2\/users\/1"}],"replies":[{"embeddable":true,"href":"https:\/\/corporacionlampa.cl\/transparencia\/wp-json\/wp\/v2\/comments?post=3827"}],"version-history":[{"count":27,"href":"https:\/\/corporacionlampa.cl\/transparencia\/wp-json\/wp\/v2\/pages\/3827\/revisions"}],"predecessor-version":[{"id":6224,"href":"https:\/\/corporacionlampa.cl\/transparencia\/wp-json\/wp\/v2\/pages\/3827\/revisions\/6224"}],"wp:attachment":[{"href":"https:\/\/corporacionlampa.cl\/transparencia\/wp-json\/wp\/v2\/media?parent=3827"}],"curies":[{"name":"wp","href":"https:\/\/api.w.org\/{rel}","templated":true}]}}