{"id":3308,"date":"2021-06-30T18:52:27","date_gmt":"2021-06-30T18:52:27","guid":{"rendered":"https:\/\/corporacionlampa.cl\/transparencia\/?page_id=3308"},"modified":"2025-01-09T16:27:45","modified_gmt":"2025-01-09T20:27:45","slug":"mecanismos-de-participacion-ciudadana-salud","status":"publish","type":"page","link":"https:\/\/corporacionlampa.cl\/transparencia\/mecanismos-de-participacion-ciudadana-salud\/","title":{"rendered":"MECANISMOS DE PARTICIPACI\u00d3N CIUDADANA SALUD"},"content":{"rendered":"\n<div class=\"wp-block-columns has-1-columns dsgn__basic-039706 is-layout-flex wp-container-core-columns-is-layout-9d6595d7 wp-block-columns-is-layout-flex\">\n<div class=\"wp-block-column is-layout-flow wp-block-column-is-layout-flow\">\n<div class=\"wp-block-columns has-2-columns is-layout-flex wp-container-core-columns-is-layout-9d6595d7 wp-block-columns-is-layout-flex\">\n<div class=\"wp-block-column is-layout-flow wp-block-column-is-layout-flow\">\n<div class=\"wp-block-ugb-button ugb-button-wrapper ugb-0b0126e ugb-button--design-fullwidth ugb-main-block\"><div class=\"ugb-inner-block\"><div class=\"ugb-block-content\"><div class=\"ugb-button-container\"><a class=\"ugb-button1 ugb-button ugb-button--size-normal ugb-button--design-ghost\" href=\"https:\/\/corporacionlampa.cl\/transparencia\/wp-content\/uploads\/2024\/10\/Plan-de-participacion-2024.pdf\" target=\"_blank\" rel=\"noopener noreferrer\" title=\"\"><span class=\"ugb-button--inner\">Plan Comunal de Participaci\u00f3n Ciudadana 2024<\/span><\/a><\/div><\/div><\/div><\/div>\n\n\n\n<div class=\"wp-block-ugb-button ugb-button-wrapper ugb-0b0126e ugb-button--design-fullwidth ugb-main-block\"><div class=\"ugb-inner-block\"><div class=\"ugb-block-content\"><div class=\"ugb-button-container\"><a class=\"ugb-button1 ugb-button ugb-button--size-normal ugb-button--design-ghost\" href=\"https:\/\/corporacionlampa.cl\/transparencia\/wp-content\/uploads\/2022\/05\/Plan-de-Participacio\u0301n-Ciudadana-Comunal-Lampa-2022-pdf.pdf\" target=\"_blank\" rel=\"noopener noreferrer\" title=\"\"><span class=\"ugb-button--inner\">Plan Comunal de Participaci\u00f3n Ciudadana 2022<\/span><\/a><\/div><\/div><\/div><\/div>\n\n\n\n<div class=\"wp-block-ugb-button ugb-button-wrapper ugb-dcc60c2 ugb-button--design-fullwidth ugb-main-block\"><div class=\"ugb-inner-block\"><div class=\"ugb-block-content\"><div class=\"ugb-button-container\"><a class=\"ugb-button1 ugb-button ugb-button--size-normal ugb-button--design-ghost\" href=\"https:\/\/corporacionlampa.cl\/transparencia\/wp-content\/uploads\/2021\/06\/Plan-de-Participacio\u0301n-Ciudadana-Comunal-Lampa-2021.pdf\" target=\"_blank\" rel=\"noopener noreferrer\" title=\"\"><span class=\"ugb-button--inner\">Plan Comunal de Participaci\u00f3n Ciudadana 2021<\/span><\/a><\/div><\/div><\/div><\/div>\n\n\n\n<figure class=\"wp-block-image size-large is-resized is-style-rounded\"><img loading=\"lazy\" decoding=\"async\" width=\"427\" height=\"587\" src=\"https:\/\/corporacionlampa.cl\/transparencia\/wp-content\/uploads\/2021\/06\/logo-saludlampa.jpg\" alt=\"\" class=\"wp-image-3292\" style=\"width:300px;height:412px\" srcset=\"https:\/\/corporacionlampa.cl\/transparencia\/wp-content\/uploads\/2021\/06\/logo-saludlampa.jpg 427w, https:\/\/corporacionlampa.cl\/transparencia\/wp-content\/uploads\/2021\/06\/logo-saludlampa-218x300.jpg 218w\" sizes=\"auto, (max-width: 427px) 100vw, 427px\" \/><\/figure>\n\n\n\n<p>Por solicitud del Servicio de Salud Metropolitano Norte (SSMN), el Plan Comunal de Participaci\u00f3n Ciudadana, contempla la unificaci\u00f3n de todos los centros de salud de la comuna.<\/p>\n<\/div>\n\n\n\n<div class=\"wp-block-column is-layout-flow wp-block-column-is-layout-flow\" style=\"flex-basis:60%\">\n<div class=\"wp-block-columns has-2-columns is-layout-flex wp-container-core-columns-is-layout-9d6595d7 wp-block-columns-is-layout-flex\">\n<div class=\"wp-block-column is-layout-flow wp-block-column-is-layout-flow\">\n<h5 class=\"wp-block-heading has-text-align-left list-heading\"><strong>Nombre De Mecanismo De Participaci\u00f3n Ciudadana<\/strong><\/h5>\n\n\n\n<p class=\"has-small-font-size\">Consejos de Desarrollo Local de Salud<\/p>\n<\/div>\n<\/div>\n\n\n\n<div style=\"height:2px\" aria-hidden=\"true\" class=\"wp-block-spacer\"><\/div>\n\n\n\n<div class=\"wp-block-columns has-2-columns is-layout-flex wp-container-core-columns-is-layout-9d6595d7 wp-block-columns-is-layout-flex\">\n<div class=\"wp-block-column is-layout-flow wp-block-column-is-layout-flow\">\n<h5 class=\"wp-block-heading has-text-align-left list-heading\"><strong>Descripci\u00f3n Del Objetivo<\/strong><\/h5>\n\n\n\n<p class=\"has-small-font-size\">Son organizaciones funcionales, con personalidad jur\u00eddica otorgada por el Gobierno Local cuyos componentes se convocan para actuar como apoyo al desarrollo de comunidades saludables en cada territorio de los establecimientos de salud, ejerciendo control social y avanzando a procesos de deliberaci\u00f3n de mayor vinculaci\u00f3n.<\/p>\n\n\n\n<p class=\"has-small-font-size\">Prop\u00f3sitos de los Consejos de Desarrollo Locales:<\/p>\n\n\n\n<p class=\"has-small-font-size\">1. Participar en la formulaci\u00f3n, implementaci\u00f3n y evaluaci\u00f3n de los planes de desarrollo del establecimiento.<\/p>\n\n\n\n<p class=\"has-small-font-size\">2. Colaborar en el diagn\u00f3stico de salud de la poblaci\u00f3n.<\/p>\n\n\n\n<p class=\"has-small-font-size\">3. Informar a los usuarios y comunidad sobre el funcionamiento del establecimiento.<\/p>\n\n\n\n<p class=\"has-small-font-size\">4. Impulsar acciones de trabajo conjunto entre equipo de salud y comunidad.<\/p>\n<\/div>\n<\/div>\n\n\n\n<div style=\"height:2px\" aria-hidden=\"true\" class=\"wp-block-spacer\"><\/div>\n\n\n\n<div class=\"wp-block-columns has-2-columns is-layout-flex wp-container-core-columns-is-layout-9d6595d7 wp-block-columns-is-layout-flex\">\n<div class=\"wp-block-column is-layout-flow wp-block-column-is-layout-flow\">\n<h5 class=\"wp-block-heading has-text-align-left list-heading\"><strong>Requisitos Para Participar<\/strong><\/h5>\n\n\n\n<p class=\"has-small-font-size\">Pueden participar Organizaciones funcionales y territoriales de la comuna de Lampa, representantes de la comunidad de cada unidad vecinal o junta de vecinos miembros del equipo de salud del establecimientos, dirigentes de organizaciones sociales territoriales y funcionales del territorio del establecimiento y personas no organizadas que sean usuarios inscritos en el CESFAM<\/p>\n<\/div>\n<\/div>\n<\/div>\n<\/div>\n<\/div>\n<\/div>\n\n\n\n<table id=\"tablepress-178\" class=\"tablepress tablepress-id-178\">\n<thead>\n<tr class=\"row-1\">\n\t<td class=\"column-1\"><\/td><th colspan=\"2\" class=\"column-2\"><CENTER>CERTIFICADO DE VIGENCIA<\/th><td class=\"column-4\"><\/td><th colspan=\"2\" class=\"column-5\"><CENTER>CERTIFICADO DE DIRECTORIO<\/th>\n<\/tr>\n<\/thead>\n<tbody class=\"row-striping row-hover\">\n<tr class=\"row-2\">\n\t<td class=\"column-1\"><CENTER>CONSEJO DE SALUD BATUCO<\/td><td class=\"column-2\"><CENTER>CONSEJO DE SALUD ESTACION COLINA<\/td><td class=\"column-3\"><CENTER>CONSEJO DE DESARROLLO LOCAL DE SALUD DOCTOR JOSE BAUZA<\/td><td class=\"column-4\"><CENTER>CONSEJO DE SALUD BATUCO<\/td><td class=\"column-5\"><CENTER>CONSEJO DE SALUD ESTACION COLINA<\/td><td class=\"column-6\"><CENTER>CONSEJO DE DESARROLLO LOCAL DE SALUD DOCTOR JOSE BAUZA<\/td>\n<\/tr>\n<tr class=\"row-3\">\n\t<td class=\"column-1\"><a href=\"https:\/\/corporacionlampa.cl\/transparencia\/wp-content\/uploads\/2025\/01\/BATUCO-VPJ_500581723033_174545.pdf\"><center><img loading=\"lazy\" decoding=\"async\" src=\"https:\/\/corporacionlampa.cl\/transparencia\/wp-content\/uploads\/2021\/04\/icopdf-150x150.png\" alt=\"\" width=\"60\" height=\"60\" class=\"aligncenter size-thumbnail wp-image-2731\" srcset=\"https:\/\/corporacionlampa.cl\/transparencia\/wp-content\/uploads\/2021\/04\/icopdf-150x150.png 150w, https:\/\/corporacionlampa.cl\/transparencia\/wp-content\/uploads\/2021\/04\/icopdf-250x250.png 250w, https:\/\/corporacionlampa.cl\/transparencia\/wp-content\/uploads\/2021\/04\/icopdf-174x174.png 174w, https:\/\/corporacionlampa.cl\/transparencia\/wp-content\/uploads\/2021\/04\/icopdf.png 256w\" sizes=\"auto, (max-width: 60px) 100vw, 60px\" \/><\/a><\/td><td class=\"column-2\"><a href=\"https:\/\/corporacionlampa.cl\/transparencia\/wp-content\/uploads\/2022\/05\/CERTIFICADO-DE-VIGENCIA-CONSEJO-DE-SALUD-ESTACION-COLINA.pdf\"><center><img loading=\"lazy\" decoding=\"async\" src=\"https:\/\/corporacionlampa.cl\/transparencia\/wp-content\/uploads\/2021\/04\/icopdf-150x150.png\" alt=\"\" width=\"60\" height=\"60\" class=\"aligncenter size-thumbnail wp-image-2731\" srcset=\"https:\/\/corporacionlampa.cl\/transparencia\/wp-content\/uploads\/2021\/04\/icopdf-150x150.png 150w, https:\/\/corporacionlampa.cl\/transparencia\/wp-content\/uploads\/2021\/04\/icopdf-250x250.png 250w, https:\/\/corporacionlampa.cl\/transparencia\/wp-content\/uploads\/2021\/04\/icopdf-174x174.png 174w, https:\/\/corporacionlampa.cl\/transparencia\/wp-content\/uploads\/2021\/04\/icopdf.png 256w\" sizes=\"auto, (max-width: 60px) 100vw, 60px\" \/><\/a><\/td><td class=\"column-3\"><a href=\"https:\/\/corporacionlampa.cl\/transparencia\/wp-content\/uploads\/2025\/01\/BAUZA-VPJ_500581722046_266452.pdf\"><center><img loading=\"lazy\" decoding=\"async\" src=\"https:\/\/corporacionlampa.cl\/transparencia\/wp-content\/uploads\/2021\/04\/icopdf-150x150.png\" alt=\"\" width=\"60\" height=\"60\" class=\"aligncenter size-thumbnail wp-image-2731\" srcset=\"https:\/\/corporacionlampa.cl\/transparencia\/wp-content\/uploads\/2021\/04\/icopdf-150x150.png 150w, https:\/\/corporacionlampa.cl\/transparencia\/wp-content\/uploads\/2021\/04\/icopdf-250x250.png 250w, https:\/\/corporacionlampa.cl\/transparencia\/wp-content\/uploads\/2021\/04\/icopdf-174x174.png 174w, https:\/\/corporacionlampa.cl\/transparencia\/wp-content\/uploads\/2021\/04\/icopdf.png 256w\" sizes=\"auto, (max-width: 60px) 100vw, 60px\" \/><\/a><\/td><td class=\"column-4\"><a href=\"https:\/\/corporacionlampa.cl\/transparencia\/wp-content\/uploads\/2025\/01\/BATUCO-DPJ_500581722135_174545.pdf\"><center><img loading=\"lazy\" decoding=\"async\" src=\"https:\/\/corporacionlampa.cl\/transparencia\/wp-content\/uploads\/2021\/04\/icopdf-150x150.png\" alt=\"\" width=\"60\" height=\"60\" class=\"aligncenter size-thumbnail wp-image-2731\" srcset=\"https:\/\/corporacionlampa.cl\/transparencia\/wp-content\/uploads\/2021\/04\/icopdf-150x150.png 150w, https:\/\/corporacionlampa.cl\/transparencia\/wp-content\/uploads\/2021\/04\/icopdf-250x250.png 250w, https:\/\/corporacionlampa.cl\/transparencia\/wp-content\/uploads\/2021\/04\/icopdf-174x174.png 174w, https:\/\/corporacionlampa.cl\/transparencia\/wp-content\/uploads\/2021\/04\/icopdf.png 256w\" sizes=\"auto, (max-width: 60px) 100vw, 60px\" \/><\/a><\/td><td class=\"column-5\"><a href=\"https:\/\/corporacionlampa.cl\/transparencia\/wp-content\/uploads\/2022\/05\/CERTIFICADO-DE-DIRECTORIO-CONSEJO-DE-SALUD-ESTACION-COLINA-.pdf\"><center><img loading=\"lazy\" decoding=\"async\" src=\"https:\/\/corporacionlampa.cl\/transparencia\/wp-content\/uploads\/2021\/04\/icopdf-150x150.png\" alt=\"\" width=\"60\" height=\"60\" class=\"aligncenter size-thumbnail wp-image-2731\" srcset=\"https:\/\/corporacionlampa.cl\/transparencia\/wp-content\/uploads\/2021\/04\/icopdf-150x150.png 150w, https:\/\/corporacionlampa.cl\/transparencia\/wp-content\/uploads\/2021\/04\/icopdf-250x250.png 250w, https:\/\/corporacionlampa.cl\/transparencia\/wp-content\/uploads\/2021\/04\/icopdf-174x174.png 174w, https:\/\/corporacionlampa.cl\/transparencia\/wp-content\/uploads\/2021\/04\/icopdf.png 256w\" sizes=\"auto, (max-width: 60px) 100vw, 60px\" \/><\/a><\/td><td class=\"column-6\"><a href=\"https:\/\/corporacionlampa.cl\/transparencia\/wp-content\/uploads\/2025\/01\/BAUZA-DPJ_500581721959_266452.pdf\"><center><img loading=\"lazy\" decoding=\"async\" src=\"https:\/\/corporacionlampa.cl\/transparencia\/wp-content\/uploads\/2021\/04\/icopdf-150x150.png\" alt=\"\" width=\"60\" height=\"60\" class=\"aligncenter size-thumbnail wp-image-2731\" srcset=\"https:\/\/corporacionlampa.cl\/transparencia\/wp-content\/uploads\/2021\/04\/icopdf-150x150.png 150w, https:\/\/corporacionlampa.cl\/transparencia\/wp-content\/uploads\/2021\/04\/icopdf-250x250.png 250w, https:\/\/corporacionlampa.cl\/transparencia\/wp-content\/uploads\/2021\/04\/icopdf-174x174.png 174w, https:\/\/corporacionlampa.cl\/transparencia\/wp-content\/uploads\/2021\/04\/icopdf.png 256w\" sizes=\"auto, (max-width: 60px) 100vw, 60px\" \/><\/a><\/td>\n<\/tr>\n<\/tbody>\n<\/table>\n<!-- #tablepress-178 from cache -->\n","protected":false},"excerpt":{"rendered":"<p>Plan Comunal de Participaci\u00f3n Ciudadana 2024 Plan Comunal de Participaci\u00f3n Ciudadana 2022 Plan Comunal de Participaci\u00f3n Ciudadana 2021 Por solicitud del Servicio de Salud Metropolitano Norte (SSMN), el Plan Comunal de Participaci\u00f3n Ciudadana, contempla la unificaci\u00f3n de todos los centros de salud de la comuna. Nombre De Mecanismo De Participaci\u00f3n Ciudadana Consejos de Desarrollo Local <a href=\"https:\/\/corporacionlampa.cl\/transparencia\/mecanismos-de-participacion-ciudadana-salud\/\" rel=\"nofollow\"><span class=\"sr-only\">Read more about MECANISMOS DE PARTICIPACI\u00d3N CIUDADANA SALUD<\/span>[&hellip;]<\/a><\/p>\n","protected":false},"author":1,"featured_media":0,"parent":0,"menu_order":0,"comment_status":"closed","ping_status":"closed","template":"","meta":{"_eb_attr":"","_themeisle_gutenberg_block_has_review":false,"footnotes":""},"class_list":["post-3308","page","type-page","status-publish","hentry"],"_links":{"self":[{"href":"https:\/\/corporacionlampa.cl\/transparencia\/wp-json\/wp\/v2\/pages\/3308","targetHints":{"allow":["GET"]}}],"collection":[{"href":"https:\/\/corporacionlampa.cl\/transparencia\/wp-json\/wp\/v2\/pages"}],"about":[{"href":"https:\/\/corporacionlampa.cl\/transparencia\/wp-json\/wp\/v2\/types\/page"}],"author":[{"embeddable":true,"href":"https:\/\/corporacionlampa.cl\/transparencia\/wp-json\/wp\/v2\/users\/1"}],"replies":[{"embeddable":true,"href":"https:\/\/corporacionlampa.cl\/transparencia\/wp-json\/wp\/v2\/comments?post=3308"}],"version-history":[{"count":14,"href":"https:\/\/corporacionlampa.cl\/transparencia\/wp-json\/wp\/v2\/pages\/3308\/revisions"}],"predecessor-version":[{"id":8768,"href":"https:\/\/corporacionlampa.cl\/transparencia\/wp-json\/wp\/v2\/pages\/3308\/revisions\/8768"}],"wp:attachment":[{"href":"https:\/\/corporacionlampa.cl\/transparencia\/wp-json\/wp\/v2\/media?parent=3308"}],"curies":[{"name":"wp","href":"https:\/\/api.w.org\/{rel}","templated":true}]}}