{"id":3256,"date":"2021-06-29T21:35:13","date_gmt":"2021-06-29T21:35:13","guid":{"rendered":"https:\/\/corporacionlampa.cl\/transparencia\/?page_id=3256"},"modified":"2024-10-14T16:25:50","modified_gmt":"2024-10-14T20:25:50","slug":"mecanismos-de-participacion-ciudadana","status":"publish","type":"page","link":"https:\/\/corporacionlampa.cl\/transparencia\/mecanismos-de-participacion-ciudadana\/","title":{"rendered":"MECANISMOS DE PARTICIPACI\u00d3N CIUDADANA EDUCACI\u00d3N"},"content":{"rendered":"\n<p style=\"font-size:25px\"><\/p>\n\n\n\n<div class=\"wp-block-columns has-1-columns dsgn__basic-039706 is-layout-flex wp-container-core-columns-is-layout-9d6595d7 wp-block-columns-is-layout-flex\">\n<div class=\"wp-block-column is-layout-flow wp-block-column-is-layout-flow\">\n<div class=\"wp-block-columns has-2-columns is-layout-flex wp-container-core-columns-is-layout-9d6595d7 wp-block-columns-is-layout-flex\">\n<div class=\"wp-block-column is-layout-flow wp-block-column-is-layout-flow\">\n<div class=\"wp-block-ugb-button ugb-button-wrapper ugb-0b0126e ugb-button--design-fullwidth ugb-main-block\"><div class=\"ugb-inner-block\"><div class=\"ugb-block-content\"><div class=\"ugb-button-container\"><a class=\"ugb-button1 ugb-button ugb-button--size-normal ugb-button--design-ghost\" href=\"https:\/\/corporacionlampa.cl\/transparencia\/participacion-ciudadana-educacion\/\" rel=\"\" title=\"\"><span class=\"ugb-button--inner\">Establecimientos Educacionales<\/span><\/a><\/div><\/div><\/div><\/div>\n\n\n\n<figure class=\"wp-block-image size-large is-style-rounded\"><img loading=\"lazy\" decoding=\"async\" width=\"427\" height=\"587\" src=\"https:\/\/corporacionlampa.cl\/transparencia\/wp-content\/uploads\/2021\/06\/logo-direduc-2.jpg\" alt=\"\" class=\"wp-image-3293\" srcset=\"https:\/\/corporacionlampa.cl\/transparencia\/wp-content\/uploads\/2021\/06\/logo-direduc-2.jpg 427w, https:\/\/corporacionlampa.cl\/transparencia\/wp-content\/uploads\/2021\/06\/logo-direduc-2-218x300.jpg 218w\" sizes=\"auto, (max-width: 427px) 100vw, 427px\" \/><\/figure>\n<\/div>\n\n\n\n<div class=\"wp-block-column is-layout-flow wp-block-column-is-layout-flow\" style=\"flex-basis:60%\">\n<div class=\"wp-block-columns has-2-columns is-layout-flex wp-container-core-columns-is-layout-9d6595d7 wp-block-columns-is-layout-flex\">\n<div class=\"wp-block-column is-layout-flow wp-block-column-is-layout-flow\">\n<h5 class=\"wp-block-heading has-text-align-left list-heading\"><strong>Nombre De Mecanismo De Participaci\u00f3n Ciudadana<\/strong><\/h5>\n\n\n\n<p class=\"has-text-align-left has-small-font-size\"><strong>Consejos Escolares de Establecimientos Educacionales dependientes de la Corporaci\u00f3n Municipal de Desarrollo Social Lampa<\/strong><\/p>\n<\/div>\n<\/div>\n\n\n\n<div style=\"height:2px\" aria-hidden=\"true\" class=\"wp-block-spacer\"><\/div>\n\n\n\n<div class=\"wp-block-columns has-2-columns is-layout-flex wp-container-core-columns-is-layout-9d6595d7 wp-block-columns-is-layout-flex\">\n<div class=\"wp-block-column is-layout-flow wp-block-column-is-layout-flow\">\n<h5 class=\"wp-block-heading has-text-align-left list-heading\"><strong>Descripci\u00f3n Del Objetivo<\/strong><\/h5>\n\n\n\n<p class=\"has-text-align-left has-small-font-size\"><strong>El principal prop\u00f3sito que tiene el consejo escolar es producir un espacio que articule y exprese reflexi\u00f3n y di\u00e1logo entre los miembros que constituyen la comunidad escolar en relaci\u00f3n a temas pertinentes y relevantes en el \u00e1mbito escolar en el Establecimiento Educacional.<\/strong><\/p>\n<\/div>\n<\/div>\n\n\n\n<div style=\"height:2px\" aria-hidden=\"true\" class=\"wp-block-spacer\"><\/div>\n\n\n\n<div class=\"wp-block-columns has-2-columns is-layout-flex wp-container-core-columns-is-layout-9d6595d7 wp-block-columns-is-layout-flex\">\n<div class=\"wp-block-column is-layout-flow wp-block-column-is-layout-flow\">\n<h5 class=\"wp-block-heading has-text-align-left list-heading\"><strong>Requisitos Para Participar<\/strong><\/h5>\n\n\n\n<p class=\"has-text-align-left has-small-font-size\"><strong>El Consejo escolar estar\u00e1 compuesto, al menos, por los siguientes integrantes: el\/la directora\/a, el\/la sostenedor\/a o su representante, un\/a docente elegido por sus pares, un\/a representante de los asistentes de la educaci\u00f3n, el\/la presidente\/a del Centro de Alumnos y el\/la presidente\/a del Centro de Padres.<\/strong><\/p>\n\n\n\n<p class=\"has-small-font-size\"><strong>Si el Consejo lo estima conveniente, podr\u00e1n integrarse otros actores relevantes para el sistema escolar tales como clubes deportivos, juntas de vecinos u otros. El Consejo ser\u00e1 el encargado de determinar cu\u00e1nto tiempo durar\u00e1n los integrantes en sus cargos<\/strong><\/p>\n<\/div>\n<\/div>\n<\/div>\n<\/div>\n<\/div>\n<\/div>\n\n\n\n<div style=\"height:30px\" aria-hidden=\"true\" class=\"wp-block-spacer\"><\/div>\n","protected":false},"excerpt":{"rendered":"<p>Establecimientos Educacionales Nombre De Mecanismo De Participaci\u00f3n Ciudadana Consejos Escolares de Establecimientos Educacionales dependientes de la Corporaci\u00f3n Municipal de Desarrollo Social Lampa Descripci\u00f3n Del Objetivo El principal prop\u00f3sito que tiene el consejo escolar es producir un espacio que articule y exprese reflexi\u00f3n y di\u00e1logo entre los miembros que constituyen la comunidad escolar en relaci\u00f3n a <a href=\"https:\/\/corporacionlampa.cl\/transparencia\/mecanismos-de-participacion-ciudadana\/\" rel=\"nofollow\"><span class=\"sr-only\">Read more about MECANISMOS DE PARTICIPACI\u00d3N CIUDADANA EDUCACI\u00d3N<\/span>[&hellip;]<\/a><\/p>\n","protected":false},"author":1,"featured_media":0,"parent":0,"menu_order":0,"comment_status":"closed","ping_status":"closed","template":"","meta":{"_eb_attr":"","_themeisle_gutenberg_block_has_review":false,"footnotes":""},"class_list":["post-3256","page","type-page","status-publish","hentry"],"_links":{"self":[{"href":"https:\/\/corporacionlampa.cl\/transparencia\/wp-json\/wp\/v2\/pages\/3256","targetHints":{"allow":["GET"]}}],"collection":[{"href":"https:\/\/corporacionlampa.cl\/transparencia\/wp-json\/wp\/v2\/pages"}],"about":[{"href":"https:\/\/corporacionlampa.cl\/transparencia\/wp-json\/wp\/v2\/types\/page"}],"author":[{"embeddable":true,"href":"https:\/\/corporacionlampa.cl\/transparencia\/wp-json\/wp\/v2\/users\/1"}],"replies":[{"embeddable":true,"href":"https:\/\/corporacionlampa.cl\/transparencia\/wp-json\/wp\/v2\/comments?post=3256"}],"version-history":[{"count":14,"href":"https:\/\/corporacionlampa.cl\/transparencia\/wp-json\/wp\/v2\/pages\/3256\/revisions"}],"predecessor-version":[{"id":8521,"href":"https:\/\/corporacionlampa.cl\/transparencia\/wp-json\/wp\/v2\/pages\/3256\/revisions\/8521"}],"wp:attachment":[{"href":"https:\/\/corporacionlampa.cl\/transparencia\/wp-json\/wp\/v2\/media?parent=3256"}],"curies":[{"name":"wp","href":"https:\/\/api.w.org\/{rel}","templated":true}]}}