{"id":3246,"date":"2021-06-18T17:41:26","date_gmt":"2021-06-18T17:41:26","guid":{"rendered":"https:\/\/corporacionlampa.cl\/transparencia\/?page_id=3246"},"modified":"2025-01-13T14:02:59","modified_gmt":"2025-01-13T18:02:59","slug":"subsidios-y-programas-sociales","status":"publish","type":"page","link":"https:\/\/corporacionlampa.cl\/transparencia\/subsidios-y-programas-sociales\/","title":{"rendered":"SUBSIDIOS Y PROGRAMAS SOCIALES"},"content":{"rendered":"\n<p class=\"has-text-align-center\">La corporaci\u00f3n Municipal de Desarrollo Social de Lampa, cuenta para este a\u00f1o&nbsp;con buses y veh\u00edculos, con la finalidad de entrega a los estudiantes de nuestros establecimiento educacionales municipalizados un servicio de acercamiento desde localidades rurales y con escaso acceso a locomoci\u00f3n colectiva hacia sus lugares de estudio.<\/p>\n\n\n\n<p class=\"has-text-align-center\">Los recorridos que realizan son por las siguientes localidades de la comuna como: Lipangue, Peralillo, Chorrillo, Sol de Septiembre, Lo Varga, Batuco, Santa Sara, Santa Rosa, La Vilana&nbsp; y Santa In\u00e9s con destino a escuelas Perteneciente a la Corporaci\u00f3n.<\/p>\n\n\n\n<p class=\"has-text-align-center\">Este servicio tambi\u00e9n realiza traslados de salidas educacionales y actividades extraescolar de nuestro estudiantes.<\/p>\n\n\n\n<table id=\"tablepress-177\" class=\"tablepress tablepress-id-177\">\n<tbody class=\"row-striping row-hover\">\n<tr class=\"row-1\">\n\t<td class=\"column-1\"><a href=\"https:\/\/corporacionlampa.cl\/transparencia\/wp-content\/uploads\/2025\/08\/Rutas-de-buses-escolares-scaled.png\"><center>2025<\/a><\/td><td class=\"column-2\"><a href=\"https:\/\/corporacionlampa.cl\/transparencia\/beneficio-transporte-escolar-establecimientos-educacionales-municipales-2024\/\"><center>2024<\/a><\/td><td class=\"column-3\"><a href=\"https:\/\/corporacionlampa.cl\/transparencia\/beneficio-transporte-escolar-establecimientos-educacionales-municipales-2023\/\"><center>2023<\/a><\/td><td class=\"column-4\"><a href=\"https:\/\/corporacionlampa.cl\/transparencia\/beneficio-transporte-escolar-establecimientos-educacionales-municipales-2022\/\"><center>2022<\/a><\/td><td class=\"column-5\"><a href=\"https:\/\/corporacionlampa.cl\/transparencia\/wp-content\/uploads\/2021\/07\/Beneficio-Transporte-Escolar-Establecimientos-Educacionales-Municipales-2021.pdf\"><center>2021<\/a><\/td>\n<\/tr>\n<\/tbody>\n<\/table>\n<!-- #tablepress-177 from cache -->\n\n\n\n<br>\n\n\n\n<div class=\"wp-block-essential-blocks-accordion  root-eb-accordion-pophg\"><div class=\"eb-parent-wrapper eb-parent-eb-accordion-pophg \"><div class=\"eb-accordion-container eb-accordion-pophg\" data-accordion-type=\"accordion\" data-tab-icon=\"fas fa-angle-right\" data-expanded-icon=\"fas fa-angle-down\" data-transition-duration=\"500\"><div class=\"eb-accordion-inner\">\n<div class=\"wp-block-essential-blocks-accordion-item eb-accordion-item-xyeww eb-accordion-wrapper\" data-clickable=\"false\"><div class=\"eb-accordion-title-wrapper eb-accordion-title-wrapper-eb-accordion-pophg\" tabindex=\"0\"><span class=\"eb-accordion-icon-wrapper eb-accordion-icon-wrapper-eb-accordion-pophg\"><span class=\"fas fa-angle-right eb-accordion-icon\"><\/span><\/span><div class=\"eb-accordion-title-content-wrap title-content-eb-accordion-pophg\"><h3 class=\"eb-accordion-title\">Nomina de Beneficiarios<\/h3><\/div><\/div><div class=\"eb-accordion-content-wrapper eb-accordion-content-wrapper-eb-accordion-pophg\"><div class=\"eb-accordion-content\">\n<table id=\"tablepress-179\" class=\"tablepress tablepress-id-179\">\n<tbody class=\"row-striping row-hover\">\n<tr class=\"row-1\">\n\t<td class=\"column-1\"><center>DETALLE<\/td><td class=\"column-2\"><center>ARCHIVO<\/td>\n<\/tr>\n<tr class=\"row-2\">\n\t<td class=\"column-1\"><center>Liceo Batuco<\/td><td class=\"column-2\"><a href=\"https:\/\/corporacionlampa.cl\/transparencia\/wp-content\/uploads\/2025\/01\/Nomina-estudiantes-que-viajan-en-bus-ano-2024-Liceo-Batuco.pdf\" target=\"_blank\"><center><img loading=\"lazy\" decoding=\"async\" src=\"https:\/\/corporacionlampa.cl\/transparencia\/wp-content\/uploads\/2021\/04\/icopdf-150x150.png\" alt=\"\" width=\"60\" height=\"60\" class=\"aligncenter size-thumbnail wp-image-2731\" srcset=\"https:\/\/corporacionlampa.cl\/transparencia\/wp-content\/uploads\/2021\/04\/icopdf-150x150.png 150w, https:\/\/corporacionlampa.cl\/transparencia\/wp-content\/uploads\/2021\/04\/icopdf-250x250.png 250w, https:\/\/corporacionlampa.cl\/transparencia\/wp-content\/uploads\/2021\/04\/icopdf-174x174.png 174w, https:\/\/corporacionlampa.cl\/transparencia\/wp-content\/uploads\/2021\/04\/icopdf.png 256w\" sizes=\"auto, (max-width: 60px) 100vw, 60px\" \/><\/a><\/td>\n<\/tr>\n<tr class=\"row-3\">\n\t<td class=\"column-1\"><center>Escuela Omar Aranda<\/td><td class=\"column-2\"><a href=\"https:\/\/corporacionlampa.cl\/transparencia\/wp-content\/uploads\/2025\/01\/BUSCORPORACION-Omar-aranda.xlsx\" target=\"_blank\"><center><img loading=\"lazy\" decoding=\"async\" src=\"https:\/\/corporacionlampa.cl\/transparencia\/wp-content\/uploads\/2021\/04\/icopdf-150x150.png\" alt=\"\" width=\"60\" height=\"60\" class=\"aligncenter size-thumbnail wp-image-2731\" srcset=\"https:\/\/corporacionlampa.cl\/transparencia\/wp-content\/uploads\/2021\/04\/icopdf-150x150.png 150w, https:\/\/corporacionlampa.cl\/transparencia\/wp-content\/uploads\/2021\/04\/icopdf-250x250.png 250w, https:\/\/corporacionlampa.cl\/transparencia\/wp-content\/uploads\/2021\/04\/icopdf-174x174.png 174w, https:\/\/corporacionlampa.cl\/transparencia\/wp-content\/uploads\/2021\/04\/icopdf.png 256w\" sizes=\"auto, (max-width: 60px) 100vw, 60px\" \/><\/a><\/td>\n<\/tr>\n<tr class=\"row-4\">\n\t<td class=\"column-1\"><center>Liceo Cacique Colin<\/td><td class=\"column-2\"><a href=\"https:\/\/corporacionlampa.cl\/transparencia\/wp-content\/uploads\/2025\/01\/Listado-estudiantes-que-ocupan-transporte-escolar-ano-2024-liceo-cacique-colin.docx\" target=\"_blank\"><center><img loading=\"lazy\" decoding=\"async\" src=\"https:\/\/corporacionlampa.cl\/transparencia\/wp-content\/uploads\/2021\/04\/icopdf-150x150.png\" alt=\"\" width=\"60\" height=\"60\" class=\"aligncenter size-thumbnail wp-image-2731\" srcset=\"https:\/\/corporacionlampa.cl\/transparencia\/wp-content\/uploads\/2021\/04\/icopdf-150x150.png 150w, https:\/\/corporacionlampa.cl\/transparencia\/wp-content\/uploads\/2021\/04\/icopdf-250x250.png 250w, https:\/\/corporacionlampa.cl\/transparencia\/wp-content\/uploads\/2021\/04\/icopdf-174x174.png 174w, https:\/\/corporacionlampa.cl\/transparencia\/wp-content\/uploads\/2021\/04\/icopdf.png 256w\" sizes=\"auto, (max-width: 60px) 100vw, 60px\" \/><\/a><\/td>\n<\/tr>\n<tr class=\"row-5\">\n\t<td class=\"column-1\"><center>Escuela Republica de Polonia<\/td><td class=\"column-2\"><a href=\"https:\/\/corporacionlampa.cl\/transparencia\/wp-content\/uploads\/2025\/01\/NOMINA-BUS-ESCOLAR-Republica-de-polonia-2024.docx\" target=\"_blank\"><center><img loading=\"lazy\" decoding=\"async\" src=\"https:\/\/corporacionlampa.cl\/transparencia\/wp-content\/uploads\/2021\/04\/icopdf-150x150.png\" alt=\"\" width=\"60\" height=\"60\" class=\"aligncenter size-thumbnail wp-image-2731\" srcset=\"https:\/\/corporacionlampa.cl\/transparencia\/wp-content\/uploads\/2021\/04\/icopdf-150x150.png 150w, https:\/\/corporacionlampa.cl\/transparencia\/wp-content\/uploads\/2021\/04\/icopdf-250x250.png 250w, https:\/\/corporacionlampa.cl\/transparencia\/wp-content\/uploads\/2021\/04\/icopdf-174x174.png 174w, https:\/\/corporacionlampa.cl\/transparencia\/wp-content\/uploads\/2021\/04\/icopdf.png 256w\" sizes=\"auto, (max-width: 60px) 100vw, 60px\" \/><\/a><\/td>\n<\/tr>\n<tr class=\"row-6\">\n\t<td class=\"column-1\"><center>Escuela Santa Barbara<\/td><td class=\"column-2\"><a href=\"https:\/\/corporacionlampa.cl\/transparencia\/wp-content\/uploads\/2025\/01\/Lista-Bus-escolar-Santa-Barbara-2024.xlsx\" target=\"_blank\"><center><img loading=\"lazy\" decoding=\"async\" src=\"https:\/\/corporacionlampa.cl\/transparencia\/wp-content\/uploads\/2021\/04\/icopdf-150x150.png\" alt=\"\" width=\"60\" height=\"60\" class=\"aligncenter size-thumbnail wp-image-2731\" srcset=\"https:\/\/corporacionlampa.cl\/transparencia\/wp-content\/uploads\/2021\/04\/icopdf-150x150.png 150w, https:\/\/corporacionlampa.cl\/transparencia\/wp-content\/uploads\/2021\/04\/icopdf-250x250.png 250w, https:\/\/corporacionlampa.cl\/transparencia\/wp-content\/uploads\/2021\/04\/icopdf-174x174.png 174w, https:\/\/corporacionlampa.cl\/transparencia\/wp-content\/uploads\/2021\/04\/icopdf.png 256w\" sizes=\"auto, (max-width: 60px) 100vw, 60px\" \/><\/a><\/td>\n<\/tr>\n<tr class=\"row-7\">\n\t<td class=\"column-1\"><center>Lampa-Tiltil<\/td><td class=\"column-2\"><a href=\"https:\/\/corporacionlampa.cl\/transparencia\/wp-content\/uploads\/2025\/01\/LISTA-ALUMNOS-LAMPA-TILTIL24Act.docx\" target=\"_blank\"><center><img loading=\"lazy\" decoding=\"async\" src=\"https:\/\/corporacionlampa.cl\/transparencia\/wp-content\/uploads\/2021\/04\/icopdf-150x150.png\" alt=\"\" width=\"60\" height=\"60\" class=\"aligncenter size-thumbnail wp-image-2731\" srcset=\"https:\/\/corporacionlampa.cl\/transparencia\/wp-content\/uploads\/2021\/04\/icopdf-150x150.png 150w, https:\/\/corporacionlampa.cl\/transparencia\/wp-content\/uploads\/2021\/04\/icopdf-250x250.png 250w, https:\/\/corporacionlampa.cl\/transparencia\/wp-content\/uploads\/2021\/04\/icopdf-174x174.png 174w, https:\/\/corporacionlampa.cl\/transparencia\/wp-content\/uploads\/2021\/04\/icopdf.png 256w\" sizes=\"auto, (max-width: 60px) 100vw, 60px\" \/><\/a><\/td>\n<\/tr>\n<\/tbody>\n<\/table>\n<!-- #tablepress-179 from cache -->\n<\/div><\/div><\/div>\n<\/div><\/div><\/div><\/div>\n","protected":false},"excerpt":{"rendered":"<p>La corporaci\u00f3n Municipal de Desarrollo Social de Lampa, cuenta para este a\u00f1o&nbsp;con buses y veh\u00edculos, con la finalidad de entrega a los estudiantes de nuestros establecimiento educacionales municipalizados un servicio de acercamiento desde localidades rurales y con escaso acceso a locomoci\u00f3n colectiva hacia sus lugares de estudio. Los recorridos que realizan son por las siguientes <a href=\"https:\/\/corporacionlampa.cl\/transparencia\/subsidios-y-programas-sociales\/\" rel=\"nofollow\"><span class=\"sr-only\">Read more about SUBSIDIOS Y PROGRAMAS SOCIALES<\/span>[&hellip;]<\/a><\/p>\n","protected":false},"author":1,"featured_media":0,"parent":0,"menu_order":0,"comment_status":"closed","ping_status":"closed","template":"","meta":{"_eb_attr":"","_themeisle_gutenberg_block_has_review":false,"footnotes":""},"class_list":["post-3246","page","type-page","status-publish","hentry"],"_links":{"self":[{"href":"https:\/\/corporacionlampa.cl\/transparencia\/wp-json\/wp\/v2\/pages\/3246","targetHints":{"allow":["GET"]}}],"collection":[{"href":"https:\/\/corporacionlampa.cl\/transparencia\/wp-json\/wp\/v2\/pages"}],"about":[{"href":"https:\/\/corporacionlampa.cl\/transparencia\/wp-json\/wp\/v2\/types\/page"}],"author":[{"embeddable":true,"href":"https:\/\/corporacionlampa.cl\/transparencia\/wp-json\/wp\/v2\/users\/1"}],"replies":[{"embeddable":true,"href":"https:\/\/corporacionlampa.cl\/transparencia\/wp-json\/wp\/v2\/comments?post=3246"}],"version-history":[{"count":12,"href":"https:\/\/corporacionlampa.cl\/transparencia\/wp-json\/wp\/v2\/pages\/3246\/revisions"}],"predecessor-version":[{"id":9336,"href":"https:\/\/corporacionlampa.cl\/transparencia\/wp-json\/wp\/v2\/pages\/3246\/revisions\/9336"}],"wp:attachment":[{"href":"https:\/\/corporacionlampa.cl\/transparencia\/wp-json\/wp\/v2\/media?parent=3246"}],"curies":[{"name":"wp","href":"https:\/\/api.w.org\/{rel}","templated":true}]}}