{"id":2703,"date":"2021-04-07T02:57:26","date_gmt":"2021-04-07T02:57:26","guid":{"rendered":"https:\/\/corporacionlampa.cl\/transparencia\/?page_id=2703"},"modified":"2025-06-17T16:36:01","modified_gmt":"2025-06-17T20:36:01","slug":"solicitud-de-transparencia","status":"publish","type":"page","link":"https:\/\/corporacionlampa.cl\/transparencia\/solicitud-de-transparencia\/","title":{"rendered":"SOLICITUD DE TRANSPARENCIA"},"content":{"rendered":"\n<div class=\"wp-block-themeisle-blocks-advanced-columns has-1-columns has-desktop-equal-layout has-tablet-equal-layout has-mobile-equal-layout has-default-gap has-vertical-unset\" id=\"wp-block-themeisle-blocks-advanced-columns-c589cbca\"><div class=\"wp-block-themeisle-blocks-advanced-columns-overlay\"><\/div><div class=\"innerblocks-wrap\">\n<div class=\"wp-block-themeisle-blocks-advanced-column\" id=\"wp-block-themeisle-blocks-advanced-column-9080824e\">\n<h2 class=\"has-text-align-center\">Sr(a). Usuario, la Corporaci\u00f3n de Desarrollo Social de Lampa, pone a vuestra disposici\u00f3n el Formulario de solicitud de informaci\u00f3n de nuestra instituci\u00f3n.<\/h2>\n<br>\n<h2 class=\"has-text-align-center\">Usted podr\u00e1 descargarlo en el LINK que se presenta m\u00e1s abajo, este deber\u00e1 ser llenado y guardado en su computador. Luego deber\u00e1 ser enviado de forma adjunta al siguiente e-mail transparencia@corporacionlampa.cl<\/h2>\n<br>\n<h2 class=\"has-text-align-center\">En caso de duda, existe un instructivo en nuestra p\u00e1gina, al que podr\u00e1 acceder haciendo Click en la barra superior, en la opci\u00f3n \u00abInformaci\u00f3n\u00bb.<\/h2>\n<br>\n<h2 class=\"has-text-align-center\">La instituci\u00f3n tendr\u00e1 un plazo m\u00e1ximo de 20 d\u00edas h\u00e1biles para contestar su solicitud, el cual podr\u00e1 ser ampliado hasta 10 d\u00edas m\u00e1s.<\/h2>\n<br>\n<br>\n<hr>\n<\/div>\n<\/div><\/div>\n\n\n\n<div class=\"wp-block-columns is-layout-flex wp-container-core-columns-is-layout-9d6595d7 wp-block-columns-is-layout-flex\">\n<div class=\"wp-block-column is-layout-flow wp-block-column-is-layout-flow\">\n<div class=\"wp-block-essential-blocks-button  root-eb-button-fymvu\"><div class=\"eb-parent-wrapper eb-parent-eb-button-fymvu \"><div class=\"eb-button-wrapper eb-button-alignment eb-button-fymvu\"><div class=\"eb-button\"><div class=\"eb-button-inner-wrapper \"><a class=\"eb-button-anchor \" href=\"https:\/\/corporacionlampa.cl\/transparencia\/wp-content\/uploads\/2025\/06\/solicitud-transparencia.pdf\" rel=\"noopener\">Solicitud Transparencia<\/a><\/div><\/div><\/div><\/div><\/div>\n<\/div>\n<\/div>\n\n\n\n<p><\/p>\n","protected":false},"excerpt":{"rendered":"<p>Sr(a). Usuario, la Corporaci\u00f3n de Desarrollo Social de Lampa, pone a vuestra disposici\u00f3n el Formulario de solicitud de informaci\u00f3n de nuestra instituci\u00f3n. Usted podr\u00e1 descargarlo en el LINK que se presenta m\u00e1s abajo, este deber\u00e1 ser llenado y guardado en su computador. Luego deber\u00e1 ser enviado de forma adjunta al siguiente e-mail transparencia@corporacionlampa.cl En caso <a href=\"https:\/\/corporacionlampa.cl\/transparencia\/solicitud-de-transparencia\/\" rel=\"nofollow\"><span class=\"sr-only\">Read more about SOLICITUD DE TRANSPARENCIA<\/span>[&hellip;]<\/a><\/p>\n","protected":false},"author":1,"featured_media":0,"parent":0,"menu_order":0,"comment_status":"closed","ping_status":"closed","template":"","meta":{"_eb_attr":"","_themeisle_gutenberg_block_has_review":false,"footnotes":""},"class_list":["post-2703","page","type-page","status-publish","hentry"],"_links":{"self":[{"href":"https:\/\/corporacionlampa.cl\/transparencia\/wp-json\/wp\/v2\/pages\/2703","targetHints":{"allow":["GET"]}}],"collection":[{"href":"https:\/\/corporacionlampa.cl\/transparencia\/wp-json\/wp\/v2\/pages"}],"about":[{"href":"https:\/\/corporacionlampa.cl\/transparencia\/wp-json\/wp\/v2\/types\/page"}],"author":[{"embeddable":true,"href":"https:\/\/corporacionlampa.cl\/transparencia\/wp-json\/wp\/v2\/users\/1"}],"replies":[{"embeddable":true,"href":"https:\/\/corporacionlampa.cl\/transparencia\/wp-json\/wp\/v2\/comments?post=2703"}],"version-history":[{"count":20,"href":"https:\/\/corporacionlampa.cl\/transparencia\/wp-json\/wp\/v2\/pages\/2703\/revisions"}],"predecessor-version":[{"id":9206,"href":"https:\/\/corporacionlampa.cl\/transparencia\/wp-json\/wp\/v2\/pages\/2703\/revisions\/9206"}],"wp:attachment":[{"href":"https:\/\/corporacionlampa.cl\/transparencia\/wp-json\/wp\/v2\/media?parent=2703"}],"curies":[{"name":"wp","href":"https:\/\/api.w.org\/{rel}","templated":true}]}}